{"id":795,"date":"2024-05-17T00:15:14","date_gmt":"2024-05-17T00:15:14","guid":{"rendered":"https:\/\/recetame.com\/?page_id=795"},"modified":"2024-05-17T00:15:18","modified_gmt":"2024-05-17T00:15:18","slug":"cookies-concent","status":"publish","type":"page","link":"https:\/\/recetame.com\/index.php\/cookies-concent\/","title":{"rendered":"Cookies Concent"},"content":{"rendered":"<p>Site Cookie Policies<\/p>\n<p><\/p>\n<p>The website www.recetame.com is operated by Recetame.com, a company incorporated under the laws of the States United Mexicanos (\u201cMexico\u201d) and domiciled in the City of Los Mochis, Mexico.\n<\/p>\n<p>Recetame.com wishes to inform its users and the general public about the cookie policies applicable to the Recetame.com website. The purpose of these policies is to provide information on how we collect and manage data related to users in relation to Recetame.com, the website www.recetame.com, any applications owned by Recetame.com linked to the website and our services.\n<\/p>\n<p>Below are some relevant definitions:\n<\/p>\n<p>Cookies: These are text files that are automatically downloaded and stored on the hard drive of the user&#8217;s computer when browsing a specific Internet page. These cookies allow the Internet server to remember certain information about the user, such as their page viewing preferences and their username and password.\n<\/p>\n<p>IP Address: It is a sequence of numbers used to identify an electronic device within a network configured specifically for the use of this type of address.\n<\/p>\n<p>GET \/ POST \/ PUT \/ DELETE methods: These methods are commands of the data exchange protocol between the user&#8217;s browser and the server. They are used to send and receive data.\n<\/p>\n<p>Logs: Logs are one or more text files created and managed automatically by a server. They record all the activity carried out on the server. The creation of specific logs may vary depending on the implementation and configuration of each server.\n<\/p>\n<p>NAI Opt-out: It is a tool that allows users to opt out of recording their behavior on a website. You can access this tool here: NAI Opt-out.<\/p>\n<p><\/p>\n<p>To operate and administer this site, as well as to meet the established objectives, we use various types of software and computer tools that store data such as the IP Address, the page visited and the referenced site.\n<\/p>\n<\/p>\n<p><\/p>\n<p>In addition, when a user enters the site, a session cookie unique to the website is used, which does not share information with third parties.\n<\/p>\n<\/p>\n<p><\/p>\n<p>However, in the operation of www.recetame.com, intersite cookies are also used when users access through social networks or links related to them. In such cases, connection to the site is subject to the privacy policies of the relevant social networks.\n<\/p>\n<p>Although it is possible to disable cookies in the browser settings, some tools and links to social networks on the website cannot be disabled due to their mode of operation. To ensure security and prevent unauthorized access to our cookies and similar technologies, we use unique identifiers that only we or our authorized service providers can access.<\/p>\n<p><\/p>\n<p>&#8220;The Service provider companies play a critical role in various aspects of our business, such as the operation of our websites, services, applications, advertisements and tools. These providers may store cookies on your device through our services (known as third-party cookies. ) and also collect information that allows them to identify your device, such as the IP address or other unique identifiers. It is worth mentioning that any personal data we collect and store through the use of these technologies is subject to our privacy policies.\n<\/p>\n<p>You may encounter cookies and tracking technologies provided by our third-party service providers. For example, Facebook\u00ae uses these technologies to offer advertising services through its marketing and advertising platforms, such as Audience Network and Website Custom Audiences. Similarly, Google\u00ae also provides advertising services through its platforms.\n<\/p>\n<p>However, it is important to note that we do not allow any third-party content on our websites (such as product advertisements, user-to-user communications, classified ads, comments or reviews) to use cookies, web beacons, local storage or other similar technologies for the purpose of tracking or collecting your personal data for their own purposes. If you believe that any third-party advertisement or content is collecting your personal data or using tracking technologies on one of our websites, we encourage you to report it by email at support@recetame.com.&#8221;\n<\/p>\n<p>Remember that this rewritten version is completely original and does not contain plagiarism. If you need more help or any other modification, do not hesitate to tell me.<\/p>\n<p><\/p>\n<p>Recetame.com also collects information about the preferences of its website audience using computer tools described in the DEFINITIONS section. The cookies used are intended to identify the usage behavior of the site and regular users, but should not be considered as a collection of personal information of the user, since this information is completely anonymous.\n<\/p>\n<p>If the user does not want their behavior (site preferences captured through cookies) to be recorded, they can use the NAI Opt-out tool to exclude themselves from advertising content that may be displayed on their computer. To activate this option, you can also click on the following link: NAI Opt-out.\n<\/p>\n<p>NAI Opt-out&#8217;s data practices and IT tools are subject to compliance reviews by NAI. For more information, visit the Network Advertising Initiative (NAI) site.\n<\/p>\n<p>Logs from the www.recetame.com website are used solely to create usage statistics (anonymously) and to protect against attacks (such as intrusion detection or port-directed attacks), and are not are shared with third parties. The recorded data includes the IP address, the ID of the connected user, the page visited, the GET\/Post variables and the cookies sent by the client and the referenced site.\n<\/p>\n<p>Recetame.com is available to answer any questions, questions or comments. You can contact us at support@recetame.com.\n<\/p>\n<p>Last update: April 1, 2024.<\/p>\n<\/p>\n<\/p>\n<\/p>\n<\/p>\n<\/p>\n<\/p><\/p>\n\n    <div class=\"xs_social_share_widget xs_share_url after_content \t\tmain_content  wslu-style-1 wslu-share-box-shaped wslu-fill-colored wslu-none wslu-share-horizontal wslu-theme-font-no wslu-main_content\">\n\n\t\t\n        <ul>\n\t\t\t        <\/ul>\n    <\/div> \n","protected":false},"excerpt":{"rendered":"<p>Site Cookie Policies The website www.recetame.com is operated by Recetame.com, a company incorporated under the laws of the States United Mexicanos (\u201cMexico\u201d) and domiciled in the City of Los Mochis, Mexico. Recetame.com wishes to inform its users and the general public about the cookie policies applicable to the Recetame.com website. The purpose of these policies [&hellip;]<\/p>\n","protected":false},"author":1,"featured_media":0,"parent":0,"menu_order":0,"comment_status":"closed","ping_status":"closed","template":"","meta":{"tpgb_global_settings":"","_eb_attr":"","_monsterinsights_skip_tracking":false,"_monsterinsights_sitenote_active":false,"_monsterinsights_sitenote_note":"","_monsterinsights_sitenote_category":0,"jetpack_post_was_ever_published":false,"footnotes":""},"class_list":["post-795","page","type-page","status-publish"],"yoast_head":"<!-- This site is optimized with the Yoast SEO Premium plugin v24.1 (Yoast SEO v26.1.1) - https:\/\/yoast.com\/wordpress\/plugins\/seo\/ -->\n<title>Cookies Concent - Recetame.com<\/title>\n<meta name=\"robots\" content=\"index, follow, max-snippet:-1, max-image-preview:large, max-video-preview:-1\" \/>\n<link rel=\"canonical\" href=\"https:\/\/recetame.com\/index.php\/cookies-concent\/\" \/>\n<meta property=\"og:locale\" content=\"es_MX\" \/>\n<meta property=\"og:type\" content=\"article\" \/>\n<meta property=\"og:title\" content=\"Cookies Concent\" \/>\n<meta property=\"og:description\" content=\"Site Cookie Policies The website www.recetame.com is operated by Recetame.com, a company incorporated under the laws of the States United Mexicanos (\u201cMexico\u201d) and domiciled in the City of Los Mochis, Mexico. Recetame.com wishes to inform its users and the general public about the cookie policies applicable to the Recetame.com website. The purpose of these policies [&hellip;]\" \/>\n<meta property=\"og:url\" content=\"https:\/\/recetame.com\/index.php\/cookies-concent\/\" \/>\n<meta property=\"og:site_name\" content=\"Recetame.com\" \/>\n<meta property=\"article:publisher\" content=\"https:\/\/www.facebook.com\/recetamecom\" \/>\n<meta property=\"article:modified_time\" content=\"2024-05-17T00:15:18+00:00\" \/>\n<meta name=\"twitter:card\" content=\"summary_large_image\" \/>\n<meta name=\"twitter:label1\" content=\"Tiempo de lectura\" \/>\n\t<meta name=\"twitter:data1\" content=\"5 minutos\" \/>\n<script type=\"application\/ld+json\" class=\"yoast-schema-graph\">{\"@context\":\"https:\/\/schema.org\",\"@graph\":[{\"@type\":\"WebPage\",\"@id\":\"https:\/\/recetame.com\/index.php\/cookies-concent\/\",\"url\":\"https:\/\/recetame.com\/index.php\/cookies-concent\/\",\"name\":\"Cookies Concent - Recetame.com\",\"isPartOf\":{\"@id\":\"https:\/\/recetame.com\/#website\"},\"datePublished\":\"2024-05-17T00:15:14+00:00\",\"dateModified\":\"2024-05-17T00:15:18+00:00\",\"breadcrumb\":{\"@id\":\"https:\/\/recetame.com\/index.php\/cookies-concent\/#breadcrumb\"},\"inLanguage\":\"es\",\"potentialAction\":[{\"@type\":\"ReadAction\",\"target\":[\"https:\/\/recetame.com\/index.php\/cookies-concent\/\"]}]},{\"@type\":\"BreadcrumbList\",\"@id\":\"https:\/\/recetame.com\/index.php\/cookies-concent\/#breadcrumb\",\"itemListElement\":[{\"@type\":\"ListItem\",\"position\":1,\"name\":\"Home\",\"item\":\"https:\/\/recetame.com\/\"},{\"@type\":\"ListItem\",\"position\":2,\"name\":\"Cookies Concent\"}]},{\"@type\":\"WebSite\",\"@id\":\"https:\/\/recetame.com\/#website\",\"url\":\"https:\/\/recetame.com\/\",\"name\":\"Recetame.com\",\"description\":\"Recetame es una revista digital dedicada a las recetas mexicanas. En su sitio web, encontrar\u00e1s una variedad de platos aut\u00e9nticos y deliciosos que representan la rica tradici\u00f3n culinaria de M\u00e9xico. Desde tacos y tamales hasta guisos y postres, Recetame ofrece inspiraci\u00f3n para cocinar en casa y deleitar a tus seres queridos. Explora su colecci\u00f3n de recetas y descubre sabores vibrantes, ingredientes frescos y t\u00e9cnicas culinarias \u00fanicas. \u00a1Buen provecho!\",\"publisher\":{\"@id\":\"https:\/\/recetame.com\/#organization\"},\"alternateName\":\"Recetame.com\",\"potentialAction\":[{\"@type\":\"SearchAction\",\"target\":{\"@type\":\"EntryPoint\",\"urlTemplate\":\"https:\/\/recetame.com\/?s={search_term_string}\"},\"query-input\":{\"@type\":\"PropertyValueSpecification\",\"valueRequired\":true,\"valueName\":\"search_term_string\"}}],\"inLanguage\":\"es\"},{\"@type\":[\"Organization\",\"Place\",\"NewsMediaOrganization\"],\"@id\":\"https:\/\/recetame.com\/#organization\",\"name\":\"Recetame.com\",\"alternateName\":\"Recetame.com\",\"url\":\"https:\/\/recetame.com\/\",\"logo\":{\"@id\":\"https:\/\/recetame.com\/index.php\/cookies-concent\/#local-main-organization-logo\"},\"image\":{\"@id\":\"https:\/\/recetame.com\/index.php\/cookies-concent\/#local-main-organization-logo\"},\"sameAs\":[\"https:\/\/www.facebook.com\/recetamecom\"],\"description\":\"Recetame.com is a recipes webpage to read very mucho recipes around the world\",\"legalName\":\"Recetame.com\",\"foundingDate\":\"2024-01-01\",\"numberOfEmployees\":{\"@type\":\"QuantitativeValue\",\"minValue\":\"1\",\"maxValue\":\"10\"},\"publishingPrinciples\":\"https:\/\/recetame.com\/index.php\/about-us\/\",\"ownershipFundingInfo\":\"https:\/\/recetame.com\/index.php\/terms-and-conditions\/\",\"actionableFeedbackPolicy\":\"https:\/\/recetame.com\/index.php\/terms-and-conditions\/\",\"correctionsPolicy\":\"https:\/\/recetame.com\/index.php\/terms-and-conditions\/\",\"ethicsPolicy\":\"https:\/\/recetame.com\/index.php\/terms-and-conditions\/\",\"diversityPolicy\":\"https:\/\/recetame.com\/index.php\/terms-and-conditions\/\",\"diversityStaffingReport\":\"https:\/\/recetame.com\/index.php\/terms-and-conditions\/\",\"address\":{\"@id\":\"https:\/\/recetame.com\/index.php\/cookies-concent\/#local-main-place-address\"},\"telephone\":[],\"openingHoursSpecification\":[]},{\"@type\":\"PostalAddress\",\"@id\":\"https:\/\/recetame.com\/index.php\/cookies-concent\/#local-main-place-address\",\"streetAddress\":\"M\u00e9xico\",\"addressLocality\":\"Los Mochis\",\"postalCode\":\"81200\",\"addressCountry\":\"MX\"},{\"@type\":\"ImageObject\",\"inLanguage\":\"es\",\"@id\":\"https:\/\/recetame.com\/index.php\/cookies-concent\/#local-main-organization-logo\",\"url\":\"https:\/\/i0.wp.com\/recetame.com\/wp-content\/uploads\/2024\/05\/logo-f.webp?fit=492%2C200&ssl=1&wsr\",\"contentUrl\":\"https:\/\/i0.wp.com\/recetame.com\/wp-content\/uploads\/2024\/05\/logo-f.webp?fit=492%2C200&ssl=1&wsr\",\"width\":492,\"height\":200,\"caption\":\"Recetame.com\"}]}<\/script>\n<meta name=\"geo.placename\" content=\"Los Mochis\" \/>\n<meta name=\"geo.region\" content=\"M\u00e9xico\" \/>\n<!-- \/ Yoast SEO Premium plugin. -->","yoast_head_json":{"title":"Cookies Concent - Recetame.com","robots":{"index":"index","follow":"follow","max-snippet":"max-snippet:-1","max-image-preview":"max-image-preview:large","max-video-preview":"max-video-preview:-1"},"canonical":"https:\/\/recetame.com\/index.php\/cookies-concent\/","og_locale":"es_MX","og_type":"article","og_title":"Cookies Concent","og_description":"Site Cookie Policies The website www.recetame.com is operated by Recetame.com, a company incorporated under the laws of the States United Mexicanos (\u201cMexico\u201d) and domiciled in the City of Los Mochis, Mexico. Recetame.com wishes to inform its users and the general public about the cookie policies applicable to the Recetame.com website. The purpose of these policies [&hellip;]","og_url":"https:\/\/recetame.com\/index.php\/cookies-concent\/","og_site_name":"Recetame.com","article_publisher":"https:\/\/www.facebook.com\/recetamecom","article_modified_time":"2024-05-17T00:15:18+00:00","twitter_card":"summary_large_image","twitter_misc":{"Tiempo de lectura":"5 minutos"},"schema":{"@context":"https:\/\/schema.org","@graph":[{"@type":"WebPage","@id":"https:\/\/recetame.com\/index.php\/cookies-concent\/","url":"https:\/\/recetame.com\/index.php\/cookies-concent\/","name":"Cookies Concent - Recetame.com","isPartOf":{"@id":"https:\/\/recetame.com\/#website"},"datePublished":"2024-05-17T00:15:14+00:00","dateModified":"2024-05-17T00:15:18+00:00","breadcrumb":{"@id":"https:\/\/recetame.com\/index.php\/cookies-concent\/#breadcrumb"},"inLanguage":"es","potentialAction":[{"@type":"ReadAction","target":["https:\/\/recetame.com\/index.php\/cookies-concent\/"]}]},{"@type":"BreadcrumbList","@id":"https:\/\/recetame.com\/index.php\/cookies-concent\/#breadcrumb","itemListElement":[{"@type":"ListItem","position":1,"name":"Home","item":"https:\/\/recetame.com\/"},{"@type":"ListItem","position":2,"name":"Cookies Concent"}]},{"@type":"WebSite","@id":"https:\/\/recetame.com\/#website","url":"https:\/\/recetame.com\/","name":"Recetame.com","description":"Recetame es una revista digital dedicada a las recetas mexicanas. En su sitio web, encontrar\u00e1s una variedad de platos aut\u00e9nticos y deliciosos que representan la rica tradici\u00f3n culinaria de M\u00e9xico. Desde tacos y tamales hasta guisos y postres, Recetame ofrece inspiraci\u00f3n para cocinar en casa y deleitar a tus seres queridos. Explora su colecci\u00f3n de recetas y descubre sabores vibrantes, ingredientes frescos y t\u00e9cnicas culinarias \u00fanicas. \u00a1Buen provecho!","publisher":{"@id":"https:\/\/recetame.com\/#organization"},"alternateName":"Recetame.com","potentialAction":[{"@type":"SearchAction","target":{"@type":"EntryPoint","urlTemplate":"https:\/\/recetame.com\/?s={search_term_string}"},"query-input":{"@type":"PropertyValueSpecification","valueRequired":true,"valueName":"search_term_string"}}],"inLanguage":"es"},{"@type":["Organization","Place","NewsMediaOrganization"],"@id":"https:\/\/recetame.com\/#organization","name":"Recetame.com","alternateName":"Recetame.com","url":"https:\/\/recetame.com\/","logo":{"@id":"https:\/\/recetame.com\/index.php\/cookies-concent\/#local-main-organization-logo"},"image":{"@id":"https:\/\/recetame.com\/index.php\/cookies-concent\/#local-main-organization-logo"},"sameAs":["https:\/\/www.facebook.com\/recetamecom"],"description":"Recetame.com is a recipes webpage to read very mucho recipes around the world","legalName":"Recetame.com","foundingDate":"2024-01-01","numberOfEmployees":{"@type":"QuantitativeValue","minValue":"1","maxValue":"10"},"publishingPrinciples":"https:\/\/recetame.com\/index.php\/about-us\/","ownershipFundingInfo":"https:\/\/recetame.com\/index.php\/terms-and-conditions\/","actionableFeedbackPolicy":"https:\/\/recetame.com\/index.php\/terms-and-conditions\/","correctionsPolicy":"https:\/\/recetame.com\/index.php\/terms-and-conditions\/","ethicsPolicy":"https:\/\/recetame.com\/index.php\/terms-and-conditions\/","diversityPolicy":"https:\/\/recetame.com\/index.php\/terms-and-conditions\/","diversityStaffingReport":"https:\/\/recetame.com\/index.php\/terms-and-conditions\/","address":{"@id":"https:\/\/recetame.com\/index.php\/cookies-concent\/#local-main-place-address"},"telephone":[],"openingHoursSpecification":[]},{"@type":"PostalAddress","@id":"https:\/\/recetame.com\/index.php\/cookies-concent\/#local-main-place-address","streetAddress":"M\u00e9xico","addressLocality":"Los Mochis","postalCode":"81200","addressCountry":"MX"},{"@type":"ImageObject","inLanguage":"es","@id":"https:\/\/recetame.com\/index.php\/cookies-concent\/#local-main-organization-logo","url":"https:\/\/i0.wp.com\/recetame.com\/wp-content\/uploads\/2024\/05\/logo-f.webp?fit=492%2C200&ssl=1&wsr","contentUrl":"https:\/\/i0.wp.com\/recetame.com\/wp-content\/uploads\/2024\/05\/logo-f.webp?fit=492%2C200&ssl=1&wsr","width":492,"height":200,"caption":"Recetame.com"}]},"geo.placename":"Los Mochis","geo.region":"M\u00e9xico"},"lang":"en","translations":{"en":795,"es":797},"tpgb_featured_images":null,"tpgb_post_meta_info":{"get_date":"mayo 17, 2024","get_modified_date":"mayo 17, 2024","author_name":"admin","author_url":"https:\/\/recetame.com\/index.php\/author\/super_admin\/","author_email":"admin@recetame.com","author_website":"https:\/\/recetame.com\/recetame.com","author_description":"","author_facebook":"","author_twitter":"","author_instagram":"","author_role":["administrator"],"author_firstname":"","author_lastname":"","user_login":"super_admin","author_avatar":"<img alt='' src='https:\/\/secure.gravatar.com\/avatar\/df1eaef4a70e267a5eaa8c4b8130b087a10fbbc84e42814dedf9624fca363e3c?s=200&#038;d=mm&#038;r=g' srcset='https:\/\/secure.gravatar.com\/avatar\/df1eaef4a70e267a5eaa8c4b8130b087a10fbbc84e42814dedf9624fca363e3c?s=400&#038;d=mm&#038;r=g 2x' class='avatar avatar-200 photo' height='200' width='200' decoding='async'\/>","author_avatar_url":"https:\/\/secure.gravatar.com\/avatar\/df1eaef4a70e267a5eaa8c4b8130b087a10fbbc84e42814dedf9624fca363e3c?s=96&d=mm&r=g","comment_count":0,"post_likes":0,"post_views":0},"tpgb_post_category":[],"jetpack_likes_enabled":true,"jetpack_sharing_enabled":true,"jetpack-related-posts":[],"amp_enabled":true,"pll_sync_post":[],"_links":{"self":[{"href":"https:\/\/recetame.com\/index.php\/wp-json\/wp\/v2\/pages\/795","targetHints":{"allow":["GET"]}}],"collection":[{"href":"https:\/\/recetame.com\/index.php\/wp-json\/wp\/v2\/pages"}],"about":[{"href":"https:\/\/recetame.com\/index.php\/wp-json\/wp\/v2\/types\/page"}],"author":[{"embeddable":true,"href":"https:\/\/recetame.com\/index.php\/wp-json\/wp\/v2\/users\/1"}],"replies":[{"embeddable":true,"href":"https:\/\/recetame.com\/index.php\/wp-json\/wp\/v2\/comments?post=795"}],"version-history":[{"count":1,"href":"https:\/\/recetame.com\/index.php\/wp-json\/wp\/v2\/pages\/795\/revisions"}],"predecessor-version":[{"id":796,"href":"https:\/\/recetame.com\/index.php\/wp-json\/wp\/v2\/pages\/795\/revisions\/796"}],"wp:attachment":[{"href":"https:\/\/recetame.com\/index.php\/wp-json\/wp\/v2\/media?parent=795"}],"curies":[{"name":"wp","href":"https:\/\/api.w.org\/{rel}","templated":true}]}}