{"id":765,"date":"2024-05-16T22:47:00","date_gmt":"2024-05-16T22:47:00","guid":{"rendered":"https:\/\/recetame.com\/?page_id=765"},"modified":"2024-05-16T22:47:03","modified_gmt":"2024-05-16T22:47:03","slug":"acerca-de","status":"publish","type":"page","link":"https:\/\/recetame.com\/index.php\/es\/acerca-de\/","title":{"rendered":"Acerca de"},"content":{"rendered":"\n<p>Acerca de Recetame.com<\/p>\n\n\n\n<p>Bienvenidos a Recetame.com, el rinc\u00f3n culinario donde los sabores se encuentran y las tradiciones se reinventan. Somos una comunidad apasionada por la buena mesa y el arte de cocinar, dedicada a compartir recetas que deleitan el paladar y nutren el alma.<\/p>\n\n\n\n<p>Nuestra misi\u00f3n es simple: inspirar a cocineros de todos los niveles a explorar el vasto mundo de la gastronom\u00eda y descubrir el placer de crear platos exquisitos en la comodidad de su hogar. Desde los cl\u00e1sicos de siempre hasta las tendencias m\u00e1s innovadoras, nuestra colecci\u00f3n de recetas est\u00e1 pensada para satisfacer todos los gustos y necesidades.<\/p>\n\n\n\n<p>En Recetame.com, creemos que cocinar es una aventura que debe disfrutarse en cada paso, desde la selecci\u00f3n de ingredientes frescos hasta el \u00faltimo toque de presentaci\u00f3n. Por eso, ofrecemos gu\u00edas detalladas, consejos pr\u00e1cticos y trucos de cocina que te ayudar\u00e1n a perfeccionar tus habilidades y a sorprender a tus seres queridos con creaciones memorables.<\/p>\n\n\n\n<p>Nuestro contenido es cuidadosamente seleccionado y probado por un equipo de entusiastas culinarios que buscan constantemente nuevas ideas y sabores para enriquecer tu repertorio. Adem\u00e1s, valoramos la participaci\u00f3n de nuestra comunidad: tus recetas, comentarios y fotos son el coraz\u00f3n de Recetame.com, y te invitamos a formar parte activa de esta experiencia gastron\u00f3mica.<\/p>\n\n\n\n<p>Ya sea que busques una receta r\u00e1pida para una cena entre semana, un plato sofisticado para una ocasi\u00f3n especial o un dulce capricho para compartir, Recetame.com es tu destino culinario. \u00danete a nosotros en este delicioso viaje y descubre el gozo de cocinar.<\/p>\n\n\n\n<p>\u00a1Buen provecho y feliz cocina!<\/p>\n\n    <div class=\"xs_social_share_widget xs_share_url after_content \t\tmain_content  wslu-style-1 wslu-share-box-shaped wslu-fill-colored wslu-none wslu-share-horizontal wslu-theme-font-no wslu-main_content\">\n\n\t\t\n        <ul>\n\t\t\t        <\/ul>\n    <\/div> \n","protected":false},"excerpt":{"rendered":"<p>Acerca de Recetame.com Bienvenidos a Recetame.com, el rinc\u00f3n culinario donde los sabores se encuentran y las tradiciones se reinventan. Somos una comunidad apasionada por la buena mesa y el arte de cocinar, dedicada a compartir recetas que deleitan el paladar y nutren el alma. Nuestra misi\u00f3n es simple: inspirar a cocineros de todos los niveles [&hellip;]<\/p>\n","protected":false},"author":1,"featured_media":0,"parent":0,"menu_order":0,"comment_status":"closed","ping_status":"closed","template":"","meta":{"tpgb_global_settings":"","_eb_attr":"","_monsterinsights_skip_tracking":false,"_monsterinsights_sitenote_active":false,"_monsterinsights_sitenote_note":"","_monsterinsights_sitenote_category":0,"jetpack_post_was_ever_published":false,"footnotes":""},"class_list":["post-765","page","type-page","status-publish"],"yoast_head":"<!-- This site is optimized with the Yoast SEO Premium plugin v24.1 (Yoast SEO v26.1.1) - https:\/\/yoast.com\/wordpress\/plugins\/seo\/ -->\n<title>Acerca de - Recetame.com<\/title>\n<meta name=\"robots\" content=\"index, follow, max-snippet:-1, max-image-preview:large, max-video-preview:-1\" \/>\n<link rel=\"canonical\" href=\"https:\/\/recetame.com\/index.php\/es\/acerca-de\/\" \/>\n<meta property=\"og:locale\" content=\"es_MX\" \/>\n<meta property=\"og:type\" content=\"article\" \/>\n<meta property=\"og:title\" content=\"Acerca de\" \/>\n<meta property=\"og:description\" content=\"Acerca de Recetame.com Bienvenidos a Recetame.com, el rinc\u00f3n culinario donde los sabores se encuentran y las tradiciones se reinventan. Somos una comunidad apasionada por la buena mesa y el arte de cocinar, dedicada a compartir recetas que deleitan el paladar y nutren el alma. Nuestra misi\u00f3n es simple: inspirar a cocineros de todos los niveles [&hellip;]\" \/>\n<meta property=\"og:url\" content=\"https:\/\/recetame.com\/index.php\/es\/acerca-de\/\" \/>\n<meta property=\"og:site_name\" content=\"Recetame.com\" \/>\n<meta property=\"article:publisher\" content=\"https:\/\/www.facebook.com\/recetamecom\" \/>\n<meta property=\"article:modified_time\" content=\"2024-05-16T22:47:03+00:00\" \/>\n<meta name=\"twitter:card\" content=\"summary_large_image\" \/>\n<meta name=\"twitter:label1\" content=\"Tiempo de lectura\" \/>\n\t<meta name=\"twitter:data1\" content=\"1 minuto\" \/>\n<script type=\"application\/ld+json\" class=\"yoast-schema-graph\">{\"@context\":\"https:\/\/schema.org\",\"@graph\":[{\"@type\":\"WebPage\",\"@id\":\"https:\/\/recetame.com\/index.php\/es\/acerca-de\/\",\"url\":\"https:\/\/recetame.com\/index.php\/es\/acerca-de\/\",\"name\":\"Acerca de - Recetame.com\",\"isPartOf\":{\"@id\":\"https:\/\/recetame.com\/#website\"},\"datePublished\":\"2024-05-16T22:47:00+00:00\",\"dateModified\":\"2024-05-16T22:47:03+00:00\",\"breadcrumb\":{\"@id\":\"https:\/\/recetame.com\/index.php\/es\/acerca-de\/#breadcrumb\"},\"inLanguage\":\"es\",\"potentialAction\":[{\"@type\":\"ReadAction\",\"target\":[\"https:\/\/recetame.com\/index.php\/es\/acerca-de\/\"]}]},{\"@type\":\"BreadcrumbList\",\"@id\":\"https:\/\/recetame.com\/index.php\/es\/acerca-de\/#breadcrumb\",\"itemListElement\":[{\"@type\":\"ListItem\",\"position\":1,\"name\":\"Home\",\"item\":\"https:\/\/recetame.com\/\"},{\"@type\":\"ListItem\",\"position\":2,\"name\":\"Acerca de\"}]},{\"@type\":\"WebSite\",\"@id\":\"https:\/\/recetame.com\/#website\",\"url\":\"https:\/\/recetame.com\/\",\"name\":\"Recetame.com\",\"description\":\"Recetame es una revista digital dedicada a las recetas mexicanas. En su sitio web, encontrar\u00e1s una variedad de platos aut\u00e9nticos y deliciosos que representan la rica tradici\u00f3n culinaria de M\u00e9xico. Desde tacos y tamales hasta guisos y postres, Recetame ofrece inspiraci\u00f3n para cocinar en casa y deleitar a tus seres queridos. Explora su colecci\u00f3n de recetas y descubre sabores vibrantes, ingredientes frescos y t\u00e9cnicas culinarias \u00fanicas. \u00a1Buen provecho!\",\"publisher\":{\"@id\":\"https:\/\/recetame.com\/#organization\"},\"alternateName\":\"Recetame.com\",\"potentialAction\":[{\"@type\":\"SearchAction\",\"target\":{\"@type\":\"EntryPoint\",\"urlTemplate\":\"https:\/\/recetame.com\/?s={search_term_string}\"},\"query-input\":{\"@type\":\"PropertyValueSpecification\",\"valueRequired\":true,\"valueName\":\"search_term_string\"}}],\"inLanguage\":\"es\"},{\"@type\":[\"Organization\",\"Place\",\"NewsMediaOrganization\"],\"@id\":\"https:\/\/recetame.com\/#organization\",\"name\":\"Recetame.com\",\"alternateName\":\"Recetame.com\",\"url\":\"https:\/\/recetame.com\/\",\"logo\":{\"@id\":\"https:\/\/recetame.com\/index.php\/es\/acerca-de\/#local-main-organization-logo\"},\"image\":{\"@id\":\"https:\/\/recetame.com\/index.php\/es\/acerca-de\/#local-main-organization-logo\"},\"sameAs\":[\"https:\/\/www.facebook.com\/recetamecom\"],\"description\":\"Recetame.com is a recipes webpage to read very mucho recipes around the world\",\"legalName\":\"Recetame.com\",\"foundingDate\":\"2024-01-01\",\"numberOfEmployees\":{\"@type\":\"QuantitativeValue\",\"minValue\":\"1\",\"maxValue\":\"10\"},\"publishingPrinciples\":\"https:\/\/recetame.com\/index.php\/about-us\/\",\"ownershipFundingInfo\":\"https:\/\/recetame.com\/index.php\/terms-and-conditions\/\",\"actionableFeedbackPolicy\":\"https:\/\/recetame.com\/index.php\/terms-and-conditions\/\",\"correctionsPolicy\":\"https:\/\/recetame.com\/index.php\/terms-and-conditions\/\",\"ethicsPolicy\":\"https:\/\/recetame.com\/index.php\/terms-and-conditions\/\",\"diversityPolicy\":\"https:\/\/recetame.com\/index.php\/terms-and-conditions\/\",\"diversityStaffingReport\":\"https:\/\/recetame.com\/index.php\/terms-and-conditions\/\",\"address\":{\"@id\":\"https:\/\/recetame.com\/index.php\/es\/acerca-de\/#local-main-place-address\"},\"telephone\":[],\"openingHoursSpecification\":[]},{\"@type\":\"PostalAddress\",\"@id\":\"https:\/\/recetame.com\/index.php\/es\/acerca-de\/#local-main-place-address\",\"streetAddress\":\"M\u00e9xico\",\"addressLocality\":\"Los Mochis\",\"postalCode\":\"81200\",\"addressCountry\":\"MX\"},{\"@type\":\"ImageObject\",\"inLanguage\":\"es\",\"@id\":\"https:\/\/recetame.com\/index.php\/es\/acerca-de\/#local-main-organization-logo\",\"url\":\"https:\/\/i0.wp.com\/recetame.com\/wp-content\/uploads\/2024\/05\/logo-f.webp?fit=492%2C200&ssl=1&wsr\",\"contentUrl\":\"https:\/\/i0.wp.com\/recetame.com\/wp-content\/uploads\/2024\/05\/logo-f.webp?fit=492%2C200&ssl=1&wsr\",\"width\":492,\"height\":200,\"caption\":\"Recetame.com\"}]}<\/script>\n<meta name=\"geo.placename\" content=\"Los Mochis\" \/>\n<meta name=\"geo.region\" content=\"M\u00e9xico\" \/>\n<!-- \/ Yoast SEO Premium plugin. -->","yoast_head_json":{"title":"Acerca de - Recetame.com","robots":{"index":"index","follow":"follow","max-snippet":"max-snippet:-1","max-image-preview":"max-image-preview:large","max-video-preview":"max-video-preview:-1"},"canonical":"https:\/\/recetame.com\/index.php\/es\/acerca-de\/","og_locale":"es_MX","og_type":"article","og_title":"Acerca de","og_description":"Acerca de Recetame.com Bienvenidos a Recetame.com, el rinc\u00f3n culinario donde los sabores se encuentran y las tradiciones se reinventan. Somos una comunidad apasionada por la buena mesa y el arte de cocinar, dedicada a compartir recetas que deleitan el paladar y nutren el alma. Nuestra misi\u00f3n es simple: inspirar a cocineros de todos los niveles [&hellip;]","og_url":"https:\/\/recetame.com\/index.php\/es\/acerca-de\/","og_site_name":"Recetame.com","article_publisher":"https:\/\/www.facebook.com\/recetamecom","article_modified_time":"2024-05-16T22:47:03+00:00","twitter_card":"summary_large_image","twitter_misc":{"Tiempo de lectura":"1 minuto"},"schema":{"@context":"https:\/\/schema.org","@graph":[{"@type":"WebPage","@id":"https:\/\/recetame.com\/index.php\/es\/acerca-de\/","url":"https:\/\/recetame.com\/index.php\/es\/acerca-de\/","name":"Acerca de - Recetame.com","isPartOf":{"@id":"https:\/\/recetame.com\/#website"},"datePublished":"2024-05-16T22:47:00+00:00","dateModified":"2024-05-16T22:47:03+00:00","breadcrumb":{"@id":"https:\/\/recetame.com\/index.php\/es\/acerca-de\/#breadcrumb"},"inLanguage":"es","potentialAction":[{"@type":"ReadAction","target":["https:\/\/recetame.com\/index.php\/es\/acerca-de\/"]}]},{"@type":"BreadcrumbList","@id":"https:\/\/recetame.com\/index.php\/es\/acerca-de\/#breadcrumb","itemListElement":[{"@type":"ListItem","position":1,"name":"Home","item":"https:\/\/recetame.com\/"},{"@type":"ListItem","position":2,"name":"Acerca de"}]},{"@type":"WebSite","@id":"https:\/\/recetame.com\/#website","url":"https:\/\/recetame.com\/","name":"Recetame.com","description":"Recetame es una revista digital dedicada a las recetas mexicanas. En su sitio web, encontrar\u00e1s una variedad de platos aut\u00e9nticos y deliciosos que representan la rica tradici\u00f3n culinaria de M\u00e9xico. Desde tacos y tamales hasta guisos y postres, Recetame ofrece inspiraci\u00f3n para cocinar en casa y deleitar a tus seres queridos. Explora su colecci\u00f3n de recetas y descubre sabores vibrantes, ingredientes frescos y t\u00e9cnicas culinarias \u00fanicas. \u00a1Buen provecho!","publisher":{"@id":"https:\/\/recetame.com\/#organization"},"alternateName":"Recetame.com","potentialAction":[{"@type":"SearchAction","target":{"@type":"EntryPoint","urlTemplate":"https:\/\/recetame.com\/?s={search_term_string}"},"query-input":{"@type":"PropertyValueSpecification","valueRequired":true,"valueName":"search_term_string"}}],"inLanguage":"es"},{"@type":["Organization","Place","NewsMediaOrganization"],"@id":"https:\/\/recetame.com\/#organization","name":"Recetame.com","alternateName":"Recetame.com","url":"https:\/\/recetame.com\/","logo":{"@id":"https:\/\/recetame.com\/index.php\/es\/acerca-de\/#local-main-organization-logo"},"image":{"@id":"https:\/\/recetame.com\/index.php\/es\/acerca-de\/#local-main-organization-logo"},"sameAs":["https:\/\/www.facebook.com\/recetamecom"],"description":"Recetame.com is a recipes webpage to read very mucho recipes around the world","legalName":"Recetame.com","foundingDate":"2024-01-01","numberOfEmployees":{"@type":"QuantitativeValue","minValue":"1","maxValue":"10"},"publishingPrinciples":"https:\/\/recetame.com\/index.php\/about-us\/","ownershipFundingInfo":"https:\/\/recetame.com\/index.php\/terms-and-conditions\/","actionableFeedbackPolicy":"https:\/\/recetame.com\/index.php\/terms-and-conditions\/","correctionsPolicy":"https:\/\/recetame.com\/index.php\/terms-and-conditions\/","ethicsPolicy":"https:\/\/recetame.com\/index.php\/terms-and-conditions\/","diversityPolicy":"https:\/\/recetame.com\/index.php\/terms-and-conditions\/","diversityStaffingReport":"https:\/\/recetame.com\/index.php\/terms-and-conditions\/","address":{"@id":"https:\/\/recetame.com\/index.php\/es\/acerca-de\/#local-main-place-address"},"telephone":[],"openingHoursSpecification":[]},{"@type":"PostalAddress","@id":"https:\/\/recetame.com\/index.php\/es\/acerca-de\/#local-main-place-address","streetAddress":"M\u00e9xico","addressLocality":"Los Mochis","postalCode":"81200","addressCountry":"MX"},{"@type":"ImageObject","inLanguage":"es","@id":"https:\/\/recetame.com\/index.php\/es\/acerca-de\/#local-main-organization-logo","url":"https:\/\/i0.wp.com\/recetame.com\/wp-content\/uploads\/2024\/05\/logo-f.webp?fit=492%2C200&ssl=1&wsr","contentUrl":"https:\/\/i0.wp.com\/recetame.com\/wp-content\/uploads\/2024\/05\/logo-f.webp?fit=492%2C200&ssl=1&wsr","width":492,"height":200,"caption":"Recetame.com"}]},"geo.placename":"Los Mochis","geo.region":"M\u00e9xico"},"lang":"es","translations":{"es":765,"en":763},"tpgb_featured_images":null,"tpgb_post_meta_info":{"get_date":"mayo 16, 2024","get_modified_date":"mayo 16, 2024","author_name":"admin","author_url":"https:\/\/recetame.com\/index.php\/author\/super_admin\/","author_email":"admin@recetame.com","author_website":"https:\/\/recetame.com\/recetame.com","author_description":"","author_facebook":"","author_twitter":"","author_instagram":"","author_role":["administrator"],"author_firstname":"","author_lastname":"","user_login":"super_admin","author_avatar":"<img alt='' src='https:\/\/secure.gravatar.com\/avatar\/df1eaef4a70e267a5eaa8c4b8130b087a10fbbc84e42814dedf9624fca363e3c?s=200&#038;d=mm&#038;r=g' srcset='https:\/\/secure.gravatar.com\/avatar\/df1eaef4a70e267a5eaa8c4b8130b087a10fbbc84e42814dedf9624fca363e3c?s=400&#038;d=mm&#038;r=g 2x' class='avatar avatar-200 photo' height='200' width='200' decoding='async'\/>","author_avatar_url":"https:\/\/secure.gravatar.com\/avatar\/df1eaef4a70e267a5eaa8c4b8130b087a10fbbc84e42814dedf9624fca363e3c?s=96&d=mm&r=g","comment_count":0,"post_likes":0,"post_views":0},"tpgb_post_category":[],"jetpack_likes_enabled":true,"jetpack_sharing_enabled":true,"jetpack-related-posts":[],"amp_enabled":true,"pll_sync_post":[],"_links":{"self":[{"href":"https:\/\/recetame.com\/index.php\/wp-json\/wp\/v2\/pages\/765","targetHints":{"allow":["GET"]}}],"collection":[{"href":"https:\/\/recetame.com\/index.php\/wp-json\/wp\/v2\/pages"}],"about":[{"href":"https:\/\/recetame.com\/index.php\/wp-json\/wp\/v2\/types\/page"}],"author":[{"embeddable":true,"href":"https:\/\/recetame.com\/index.php\/wp-json\/wp\/v2\/users\/1"}],"replies":[{"embeddable":true,"href":"https:\/\/recetame.com\/index.php\/wp-json\/wp\/v2\/comments?post=765"}],"version-history":[{"count":1,"href":"https:\/\/recetame.com\/index.php\/wp-json\/wp\/v2\/pages\/765\/revisions"}],"predecessor-version":[{"id":766,"href":"https:\/\/recetame.com\/index.php\/wp-json\/wp\/v2\/pages\/765\/revisions\/766"}],"wp:attachment":[{"href":"https:\/\/recetame.com\/index.php\/wp-json\/wp\/v2\/media?parent=765"}],"curies":[{"name":"wp","href":"https:\/\/api.w.org\/{rel}","templated":true}]}}