{"id":577,"date":"2024-05-15T03:26:27","date_gmt":"2024-05-15T03:26:27","guid":{"rendered":"https:\/\/recetame.com\/index.php\/thank-you\/"},"modified":"2024-05-15T03:26:27","modified_gmt":"2024-05-15T03:26:27","slug":"thank-you","status":"publish","type":"page","link":"https:\/\/recetame.com\/index.php\/thank-you\/","title":{"rendered":"Thank You"},"content":{"rendered":"<div class=\"swpm-ty-page-registration\"><div class=\"swpm-ty-page-registration-link swpm-no-user-found swpm-yellow-box\">Si acaba de realizar un pago de membres\u00eda, su pago a\u00fan no se ha procesado. Por favor verifique nuevamente en unos minutos. En breve se le enviar\u00e1 un correo electr\u00f3nico con los detalles.<\/div><\/div>\n\n    <div class=\"xs_social_share_widget xs_share_url after_content \t\tmain_content  wslu-style-1 wslu-share-box-shaped wslu-fill-colored wslu-none wslu-share-horizontal wslu-theme-font-no wslu-main_content\">\n\n\t\t\n        <ul>\n\t\t\t        <\/ul>\n    <\/div> \n","protected":false},"excerpt":{"rendered":"","protected":false},"author":1,"featured_media":0,"parent":0,"menu_order":0,"comment_status":"closed","ping_status":"closed","template":"","meta":{"tpgb_global_settings":"","_eb_attr":"","_monsterinsights_skip_tracking":false,"_monsterinsights_sitenote_active":false,"_monsterinsights_sitenote_note":"","_monsterinsights_sitenote_category":0,"jetpack_post_was_ever_published":false,"footnotes":""},"class_list":["post-577","page","type-page","status-publish"],"yoast_head":"<!-- This site is optimized with the Yoast SEO Premium plugin v24.1 (Yoast SEO v26.1.1) - https:\/\/yoast.com\/wordpress\/plugins\/seo\/ -->\n<title>Thank You - Recetame.com<\/title>\n<meta name=\"robots\" content=\"index, follow, max-snippet:-1, max-image-preview:large, max-video-preview:-1\" \/>\n<link rel=\"canonical\" href=\"https:\/\/recetame.com\/index.php\/thank-you\/\" \/>\n<meta property=\"og:locale\" content=\"es_MX\" \/>\n<meta property=\"og:type\" content=\"article\" \/>\n<meta property=\"og:title\" content=\"Thank You\" \/>\n<meta property=\"og:url\" content=\"https:\/\/recetame.com\/index.php\/thank-you\/\" \/>\n<meta property=\"og:site_name\" content=\"Recetame.com\" \/>\n<meta property=\"article:publisher\" content=\"https:\/\/www.facebook.com\/recetamecom\" \/>\n<meta name=\"twitter:card\" content=\"summary_large_image\" \/>\n<script type=\"application\/ld+json\" class=\"yoast-schema-graph\">{\"@context\":\"https:\/\/schema.org\",\"@graph\":[{\"@type\":\"WebPage\",\"@id\":\"https:\/\/recetame.com\/index.php\/thank-you\/\",\"url\":\"https:\/\/recetame.com\/index.php\/thank-you\/\",\"name\":\"Thank You - Recetame.com\",\"isPartOf\":{\"@id\":\"https:\/\/recetame.com\/#website\"},\"datePublished\":\"2024-05-15T03:26:27+00:00\",\"breadcrumb\":{\"@id\":\"https:\/\/recetame.com\/index.php\/thank-you\/#breadcrumb\"},\"inLanguage\":\"es\",\"potentialAction\":[{\"@type\":\"ReadAction\",\"target\":[\"https:\/\/recetame.com\/index.php\/thank-you\/\"]}]},{\"@type\":\"BreadcrumbList\",\"@id\":\"https:\/\/recetame.com\/index.php\/thank-you\/#breadcrumb\",\"itemListElement\":[{\"@type\":\"ListItem\",\"position\":1,\"name\":\"Home\",\"item\":\"https:\/\/recetame.com\/\"},{\"@type\":\"ListItem\",\"position\":2,\"name\":\"Thank You\"}]},{\"@type\":\"WebSite\",\"@id\":\"https:\/\/recetame.com\/#website\",\"url\":\"https:\/\/recetame.com\/\",\"name\":\"Recetame.com\",\"description\":\"Recetame es una revista digital dedicada a las recetas mexicanas. En su sitio web, encontrar\u00e1s una variedad de platos aut\u00e9nticos y deliciosos que representan la rica tradici\u00f3n culinaria de M\u00e9xico. Desde tacos y tamales hasta guisos y postres, Recetame ofrece inspiraci\u00f3n para cocinar en casa y deleitar a tus seres queridos. Explora su colecci\u00f3n de recetas y descubre sabores vibrantes, ingredientes frescos y t\u00e9cnicas culinarias \u00fanicas. \u00a1Buen provecho!\",\"publisher\":{\"@id\":\"https:\/\/recetame.com\/#organization\"},\"alternateName\":\"Recetame.com\",\"potentialAction\":[{\"@type\":\"SearchAction\",\"target\":{\"@type\":\"EntryPoint\",\"urlTemplate\":\"https:\/\/recetame.com\/?s={search_term_string}\"},\"query-input\":{\"@type\":\"PropertyValueSpecification\",\"valueRequired\":true,\"valueName\":\"search_term_string\"}}],\"inLanguage\":\"es\"},{\"@type\":[\"Organization\",\"Place\",\"NewsMediaOrganization\"],\"@id\":\"https:\/\/recetame.com\/#organization\",\"name\":\"Recetame.com\",\"alternateName\":\"Recetame.com\",\"url\":\"https:\/\/recetame.com\/\",\"logo\":{\"@id\":\"https:\/\/recetame.com\/index.php\/thank-you\/#local-main-organization-logo\"},\"image\":{\"@id\":\"https:\/\/recetame.com\/index.php\/thank-you\/#local-main-organization-logo\"},\"sameAs\":[\"https:\/\/www.facebook.com\/recetamecom\"],\"description\":\"Recetame.com is a recipes webpage to read very mucho recipes around the world\",\"legalName\":\"Recetame.com\",\"foundingDate\":\"2024-01-01\",\"numberOfEmployees\":{\"@type\":\"QuantitativeValue\",\"minValue\":\"1\",\"maxValue\":\"10\"},\"publishingPrinciples\":\"https:\/\/recetame.com\/index.php\/about-us\/\",\"ownershipFundingInfo\":\"https:\/\/recetame.com\/index.php\/terms-and-conditions\/\",\"actionableFeedbackPolicy\":\"https:\/\/recetame.com\/index.php\/terms-and-conditions\/\",\"correctionsPolicy\":\"https:\/\/recetame.com\/index.php\/terms-and-conditions\/\",\"ethicsPolicy\":\"https:\/\/recetame.com\/index.php\/terms-and-conditions\/\",\"diversityPolicy\":\"https:\/\/recetame.com\/index.php\/terms-and-conditions\/\",\"diversityStaffingReport\":\"https:\/\/recetame.com\/index.php\/terms-and-conditions\/\",\"address\":{\"@id\":\"https:\/\/recetame.com\/index.php\/thank-you\/#local-main-place-address\"},\"telephone\":[],\"openingHoursSpecification\":[]},{\"@type\":\"PostalAddress\",\"@id\":\"https:\/\/recetame.com\/index.php\/thank-you\/#local-main-place-address\",\"streetAddress\":\"M\u00e9xico\",\"addressLocality\":\"Los Mochis\",\"postalCode\":\"81200\",\"addressCountry\":\"MX\"},{\"@type\":\"ImageObject\",\"inLanguage\":\"es\",\"@id\":\"https:\/\/recetame.com\/index.php\/thank-you\/#local-main-organization-logo\",\"url\":\"https:\/\/i0.wp.com\/recetame.com\/wp-content\/uploads\/2024\/05\/logo-f.webp?fit=492%2C200&ssl=1&wsr\",\"contentUrl\":\"https:\/\/i0.wp.com\/recetame.com\/wp-content\/uploads\/2024\/05\/logo-f.webp?fit=492%2C200&ssl=1&wsr\",\"width\":492,\"height\":200,\"caption\":\"Recetame.com\"}]}<\/script>\n<meta name=\"geo.placename\" content=\"Los Mochis\" \/>\n<meta name=\"geo.region\" content=\"M\u00e9xico\" \/>\n<!-- \/ Yoast SEO Premium plugin. -->","yoast_head_json":{"title":"Thank You - Recetame.com","robots":{"index":"index","follow":"follow","max-snippet":"max-snippet:-1","max-image-preview":"max-image-preview:large","max-video-preview":"max-video-preview:-1"},"canonical":"https:\/\/recetame.com\/index.php\/thank-you\/","og_locale":"es_MX","og_type":"article","og_title":"Thank You","og_url":"https:\/\/recetame.com\/index.php\/thank-you\/","og_site_name":"Recetame.com","article_publisher":"https:\/\/www.facebook.com\/recetamecom","twitter_card":"summary_large_image","schema":{"@context":"https:\/\/schema.org","@graph":[{"@type":"WebPage","@id":"https:\/\/recetame.com\/index.php\/thank-you\/","url":"https:\/\/recetame.com\/index.php\/thank-you\/","name":"Thank You - Recetame.com","isPartOf":{"@id":"https:\/\/recetame.com\/#website"},"datePublished":"2024-05-15T03:26:27+00:00","breadcrumb":{"@id":"https:\/\/recetame.com\/index.php\/thank-you\/#breadcrumb"},"inLanguage":"es","potentialAction":[{"@type":"ReadAction","target":["https:\/\/recetame.com\/index.php\/thank-you\/"]}]},{"@type":"BreadcrumbList","@id":"https:\/\/recetame.com\/index.php\/thank-you\/#breadcrumb","itemListElement":[{"@type":"ListItem","position":1,"name":"Home","item":"https:\/\/recetame.com\/"},{"@type":"ListItem","position":2,"name":"Thank You"}]},{"@type":"WebSite","@id":"https:\/\/recetame.com\/#website","url":"https:\/\/recetame.com\/","name":"Recetame.com","description":"Recetame es una revista digital dedicada a las recetas mexicanas. En su sitio web, encontrar\u00e1s una variedad de platos aut\u00e9nticos y deliciosos que representan la rica tradici\u00f3n culinaria de M\u00e9xico. Desde tacos y tamales hasta guisos y postres, Recetame ofrece inspiraci\u00f3n para cocinar en casa y deleitar a tus seres queridos. Explora su colecci\u00f3n de recetas y descubre sabores vibrantes, ingredientes frescos y t\u00e9cnicas culinarias \u00fanicas. \u00a1Buen provecho!","publisher":{"@id":"https:\/\/recetame.com\/#organization"},"alternateName":"Recetame.com","potentialAction":[{"@type":"SearchAction","target":{"@type":"EntryPoint","urlTemplate":"https:\/\/recetame.com\/?s={search_term_string}"},"query-input":{"@type":"PropertyValueSpecification","valueRequired":true,"valueName":"search_term_string"}}],"inLanguage":"es"},{"@type":["Organization","Place","NewsMediaOrganization"],"@id":"https:\/\/recetame.com\/#organization","name":"Recetame.com","alternateName":"Recetame.com","url":"https:\/\/recetame.com\/","logo":{"@id":"https:\/\/recetame.com\/index.php\/thank-you\/#local-main-organization-logo"},"image":{"@id":"https:\/\/recetame.com\/index.php\/thank-you\/#local-main-organization-logo"},"sameAs":["https:\/\/www.facebook.com\/recetamecom"],"description":"Recetame.com is a recipes webpage to read very mucho recipes around the world","legalName":"Recetame.com","foundingDate":"2024-01-01","numberOfEmployees":{"@type":"QuantitativeValue","minValue":"1","maxValue":"10"},"publishingPrinciples":"https:\/\/recetame.com\/index.php\/about-us\/","ownershipFundingInfo":"https:\/\/recetame.com\/index.php\/terms-and-conditions\/","actionableFeedbackPolicy":"https:\/\/recetame.com\/index.php\/terms-and-conditions\/","correctionsPolicy":"https:\/\/recetame.com\/index.php\/terms-and-conditions\/","ethicsPolicy":"https:\/\/recetame.com\/index.php\/terms-and-conditions\/","diversityPolicy":"https:\/\/recetame.com\/index.php\/terms-and-conditions\/","diversityStaffingReport":"https:\/\/recetame.com\/index.php\/terms-and-conditions\/","address":{"@id":"https:\/\/recetame.com\/index.php\/thank-you\/#local-main-place-address"},"telephone":[],"openingHoursSpecification":[]},{"@type":"PostalAddress","@id":"https:\/\/recetame.com\/index.php\/thank-you\/#local-main-place-address","streetAddress":"M\u00e9xico","addressLocality":"Los Mochis","postalCode":"81200","addressCountry":"MX"},{"@type":"ImageObject","inLanguage":"es","@id":"https:\/\/recetame.com\/index.php\/thank-you\/#local-main-organization-logo","url":"https:\/\/i0.wp.com\/recetame.com\/wp-content\/uploads\/2024\/05\/logo-f.webp?fit=492%2C200&ssl=1&wsr","contentUrl":"https:\/\/i0.wp.com\/recetame.com\/wp-content\/uploads\/2024\/05\/logo-f.webp?fit=492%2C200&ssl=1&wsr","width":492,"height":200,"caption":"Recetame.com"}]},"geo.placename":"Los Mochis","geo.region":"M\u00e9xico"},"lang":"en","translations":{"en":577,"es":724},"tpgb_featured_images":null,"tpgb_post_meta_info":{"get_date":"mayo 15, 2024","get_modified_date":"mayo 15, 2024","author_name":"admin","author_url":"https:\/\/recetame.com\/index.php\/author\/super_admin\/","author_email":"admin@recetame.com","author_website":"https:\/\/recetame.com\/recetame.com","author_description":"","author_facebook":"","author_twitter":"","author_instagram":"","author_role":["administrator"],"author_firstname":"","author_lastname":"","user_login":"super_admin","author_avatar":"<img alt='' src='https:\/\/secure.gravatar.com\/avatar\/df1eaef4a70e267a5eaa8c4b8130b087a10fbbc84e42814dedf9624fca363e3c?s=200&#038;d=mm&#038;r=g' srcset='https:\/\/secure.gravatar.com\/avatar\/df1eaef4a70e267a5eaa8c4b8130b087a10fbbc84e42814dedf9624fca363e3c?s=400&#038;d=mm&#038;r=g 2x' class='avatar avatar-200 photo' height='200' width='200' decoding='async'\/>","author_avatar_url":"https:\/\/secure.gravatar.com\/avatar\/df1eaef4a70e267a5eaa8c4b8130b087a10fbbc84e42814dedf9624fca363e3c?s=96&d=mm&r=g","comment_count":0,"post_likes":0,"post_views":0},"tpgb_post_category":[],"jetpack_likes_enabled":true,"jetpack_sharing_enabled":true,"jetpack-related-posts":[],"amp_enabled":true,"pll_sync_post":[],"_links":{"self":[{"href":"https:\/\/recetame.com\/index.php\/wp-json\/wp\/v2\/pages\/577","targetHints":{"allow":["GET"]}}],"collection":[{"href":"https:\/\/recetame.com\/index.php\/wp-json\/wp\/v2\/pages"}],"about":[{"href":"https:\/\/recetame.com\/index.php\/wp-json\/wp\/v2\/types\/page"}],"author":[{"embeddable":true,"href":"https:\/\/recetame.com\/index.php\/wp-json\/wp\/v2\/users\/1"}],"replies":[{"embeddable":true,"href":"https:\/\/recetame.com\/index.php\/wp-json\/wp\/v2\/comments?post=577"}],"version-history":[{"count":0,"href":"https:\/\/recetame.com\/index.php\/wp-json\/wp\/v2\/pages\/577\/revisions"}],"wp:attachment":[{"href":"https:\/\/recetame.com\/index.php\/wp-json\/wp\/v2\/media?parent=577"}],"curies":[{"name":"wp","href":"https:\/\/api.w.org\/{rel}","templated":true}]}}