{"id":574,"date":"2024-05-15T03:26:27","date_gmt":"2024-05-15T03:26:27","guid":{"rendered":"https:\/\/recetame.com\/index.php\/membership-login\/"},"modified":"2024-05-16T20:04:27","modified_gmt":"2024-05-16T20:04:27","slug":"membership-login","status":"publish","type":"page","link":"https:\/\/recetame.com\/index.php\/membership-login\/","title":{"rendered":"Member Login"},"content":{"rendered":"<div class=\"swpm-login-widget-form\">\n    <form id=\"swpm-login-form\" name=\"swpm-login-form\" method=\"post\" action=\"\">\n        <input type=\"hidden\" name=\"swpm_login_origination_flag\" value=\"1\" \/>\n        <div class=\"swpm-login-form-inner\">\n            <div class=\"swpm-username-label\">\n                <label for=\"swpm_user_name\" class=\"swpm-label\">Nombre de usuario o correo electr\u00f3nico<\/label>\n            <\/div>\n            <div class=\"swpm-username-input\">\n                <input type=\"text\" class=\"swpm-text-field swpm-username-field\" id=\"swpm_user_name\" value=\"\" size=\"25\" name=\"swpm_user_name\" \/>\n            <\/div>\n            <div class=\"swpm-password-label\">\n                <label for=\"swpm_password\" class=\"swpm-label\">Contrase\u00f1a<\/label>\n            <\/div>\n            <div class=\"swpm-password-input\">                \n                <input type=\"password\" class=\"swpm-text-field swpm-password-field\" id=\"swpm_password\" value=\"\" size=\"25\" name=\"swpm_password\" \/>                \n            <\/div>\n                        <div class=\"swpm-remember-me\">\n                <span class=\"swpm-remember-checkbox\"><input type=\"checkbox\" name=\"rememberme\" id=\"swpm-rememberme\"><\/span>\n                <label for=\"swpm-rememberme\" class=\"swpm-rememberme-label\">\n                    <span class=\"swpm-rember-label\"> Recu\u00e9rdame<\/span>\n                <\/label>\n            <\/div>\n\n            <div class=\"swpm-before-login-submit-section\"><div class=\"swpm-recaptcha-section\" style=\"margin-bottom: 15px;\"><style type=\"text\/css\">@media screen and (max-width: 375px) {\n            .swpm_g_captcha{transform:scale(0.77);transform-origin:0;-webkit-transform:scale(0.77);-webkit-transform-origin:0 0;}\n        }<\/style><script data-jetpack-boost=\"ignore\" src=\"https:\/\/www.google.com\/recaptcha\/api.js\" async defer><\/script><div class=\"swpm_g_captcha\"><div class=\"g-recaptcha\" data-sitekey=\"6LdFnt8pAAAAADfw168z8AwPOhz68EWJtp5VqAnK\" data-theme=\"light\" data-size=\"normal\"><\/div><\/div><\/div><\/div>\n\n            <div class=\"swpm-login-submit\">\n                <input type=\"submit\" class=\"swpm-login-form-submit swpm-submit-btn-default-style\" name=\"swpm-login\" value=\"Log In\"\/>\n            <\/div>\n            <div class=\"swpm-forgot-pass-link\">\n                <a id=\"forgot_pass\" class=\"swpm-login-form-pw-reset-link\"  href=\"https:\/\/recetame.com\/index.php\/membership-login\/password-reset\/\">\u00bfHas olvidado tu contrase\u00f1a?<\/a>\n            <\/div>\n                        <div class=\"swpm-join-us-link\">\n                <a id=\"register\" class=\"swpm-login-form-register-link\" href=\"https:\/\/recetame.com\/index.php\/membership-join\/membership-registration\/\">\u00danete a nosotros<\/a>\n            <\/div>\n                        <div class=\"swpm-login-action-msg\">\n                <span class=\"swpm-login-widget-action-msg\"><\/span>\n            <\/div>\n        <\/div>\n    <\/form>\n\n    <\/div>\n\n\n    <div class=\"xs_social_share_widget xs_share_url after_content \t\tmain_content  wslu-style-1 wslu-share-box-shaped wslu-fill-colored wslu-none wslu-share-horizontal wslu-theme-font-no wslu-main_content\">\n\n\t\t\n        <ul>\n\t\t\t        <\/ul>\n    <\/div> \n","protected":false},"excerpt":{"rendered":"","protected":false},"author":1,"featured_media":0,"parent":0,"menu_order":0,"comment_status":"closed","ping_status":"closed","template":"","meta":{"tpgb_global_settings":"","_eb_attr":"","_monsterinsights_skip_tracking":false,"_monsterinsights_sitenote_active":false,"_monsterinsights_sitenote_note":"","_monsterinsights_sitenote_category":0,"jetpack_post_was_ever_published":false,"footnotes":""},"class_list":["post-574","page","type-page","status-publish"],"yoast_head":"<!-- This site is optimized with the Yoast SEO Premium plugin v24.1 (Yoast SEO v26.1.1) - https:\/\/yoast.com\/wordpress\/plugins\/seo\/ -->\n<title>Member Login - Recetame.com<\/title>\n<meta name=\"robots\" content=\"index, follow, max-snippet:-1, max-image-preview:large, max-video-preview:-1\" \/>\n<link rel=\"canonical\" href=\"https:\/\/recetame.com\/index.php\/membership-login\/\" \/>\n<meta property=\"og:locale\" content=\"es_MX\" \/>\n<meta property=\"og:type\" content=\"article\" \/>\n<meta property=\"og:title\" content=\"Member Login\" \/>\n<meta property=\"og:url\" content=\"https:\/\/recetame.com\/index.php\/membership-login\/\" \/>\n<meta property=\"og:site_name\" content=\"Recetame.com\" \/>\n<meta property=\"article:publisher\" content=\"https:\/\/www.facebook.com\/recetamecom\" \/>\n<meta property=\"article:modified_time\" content=\"2024-05-16T20:04:27+00:00\" \/>\n<meta name=\"twitter:card\" content=\"summary_large_image\" \/>\n<script type=\"application\/ld+json\" class=\"yoast-schema-graph\">{\"@context\":\"https:\/\/schema.org\",\"@graph\":[{\"@type\":\"WebPage\",\"@id\":\"https:\/\/recetame.com\/index.php\/membership-login\/\",\"url\":\"https:\/\/recetame.com\/index.php\/membership-login\/\",\"name\":\"Member Login - Recetame.com\",\"isPartOf\":{\"@id\":\"https:\/\/recetame.com\/#website\"},\"datePublished\":\"2024-05-15T03:26:27+00:00\",\"dateModified\":\"2024-05-16T20:04:27+00:00\",\"breadcrumb\":{\"@id\":\"https:\/\/recetame.com\/index.php\/membership-login\/#breadcrumb\"},\"inLanguage\":\"es\",\"potentialAction\":[{\"@type\":\"ReadAction\",\"target\":[\"https:\/\/recetame.com\/index.php\/membership-login\/\"]}]},{\"@type\":\"BreadcrumbList\",\"@id\":\"https:\/\/recetame.com\/index.php\/membership-login\/#breadcrumb\",\"itemListElement\":[{\"@type\":\"ListItem\",\"position\":1,\"name\":\"Home\",\"item\":\"https:\/\/recetame.com\/\"},{\"@type\":\"ListItem\",\"position\":2,\"name\":\"Member Login\"}]},{\"@type\":\"WebSite\",\"@id\":\"https:\/\/recetame.com\/#website\",\"url\":\"https:\/\/recetame.com\/\",\"name\":\"Recetame.com\",\"description\":\"Recetame es una revista digital dedicada a las recetas mexicanas. En su sitio web, encontrar\u00e1s una variedad de platos aut\u00e9nticos y deliciosos que representan la rica tradici\u00f3n culinaria de M\u00e9xico. Desde tacos y tamales hasta guisos y postres, Recetame ofrece inspiraci\u00f3n para cocinar en casa y deleitar a tus seres queridos. Explora su colecci\u00f3n de recetas y descubre sabores vibrantes, ingredientes frescos y t\u00e9cnicas culinarias \u00fanicas. \u00a1Buen provecho!\",\"publisher\":{\"@id\":\"https:\/\/recetame.com\/#organization\"},\"alternateName\":\"Recetame.com\",\"potentialAction\":[{\"@type\":\"SearchAction\",\"target\":{\"@type\":\"EntryPoint\",\"urlTemplate\":\"https:\/\/recetame.com\/?s={search_term_string}\"},\"query-input\":{\"@type\":\"PropertyValueSpecification\",\"valueRequired\":true,\"valueName\":\"search_term_string\"}}],\"inLanguage\":\"es\"},{\"@type\":[\"Organization\",\"Place\",\"NewsMediaOrganization\"],\"@id\":\"https:\/\/recetame.com\/#organization\",\"name\":\"Recetame.com\",\"alternateName\":\"Recetame.com\",\"url\":\"https:\/\/recetame.com\/\",\"logo\":{\"@id\":\"https:\/\/recetame.com\/index.php\/membership-login\/#local-main-organization-logo\"},\"image\":{\"@id\":\"https:\/\/recetame.com\/index.php\/membership-login\/#local-main-organization-logo\"},\"sameAs\":[\"https:\/\/www.facebook.com\/recetamecom\"],\"description\":\"Recetame.com is a recipes webpage to read very mucho recipes around the world\",\"legalName\":\"Recetame.com\",\"foundingDate\":\"2024-01-01\",\"numberOfEmployees\":{\"@type\":\"QuantitativeValue\",\"minValue\":\"1\",\"maxValue\":\"10\"},\"publishingPrinciples\":\"https:\/\/recetame.com\/index.php\/about-us\/\",\"ownershipFundingInfo\":\"https:\/\/recetame.com\/index.php\/terms-and-conditions\/\",\"actionableFeedbackPolicy\":\"https:\/\/recetame.com\/index.php\/terms-and-conditions\/\",\"correctionsPolicy\":\"https:\/\/recetame.com\/index.php\/terms-and-conditions\/\",\"ethicsPolicy\":\"https:\/\/recetame.com\/index.php\/terms-and-conditions\/\",\"diversityPolicy\":\"https:\/\/recetame.com\/index.php\/terms-and-conditions\/\",\"diversityStaffingReport\":\"https:\/\/recetame.com\/index.php\/terms-and-conditions\/\",\"address\":{\"@id\":\"https:\/\/recetame.com\/index.php\/membership-login\/#local-main-place-address\"},\"telephone\":[],\"openingHoursSpecification\":[]},{\"@type\":\"PostalAddress\",\"@id\":\"https:\/\/recetame.com\/index.php\/membership-login\/#local-main-place-address\",\"streetAddress\":\"M\u00e9xico\",\"addressLocality\":\"Los Mochis\",\"postalCode\":\"81200\",\"addressCountry\":\"MX\"},{\"@type\":\"ImageObject\",\"inLanguage\":\"es\",\"@id\":\"https:\/\/recetame.com\/index.php\/membership-login\/#local-main-organization-logo\",\"url\":\"https:\/\/i0.wp.com\/recetame.com\/wp-content\/uploads\/2024\/05\/logo-f.webp?fit=492%2C200&ssl=1&wsr\",\"contentUrl\":\"https:\/\/i0.wp.com\/recetame.com\/wp-content\/uploads\/2024\/05\/logo-f.webp?fit=492%2C200&ssl=1&wsr\",\"width\":492,\"height\":200,\"caption\":\"Recetame.com\"}]}<\/script>\n<meta name=\"geo.placename\" content=\"Los Mochis\" \/>\n<meta name=\"geo.region\" content=\"M\u00e9xico\" \/>\n<!-- \/ Yoast SEO Premium plugin. -->","yoast_head_json":{"title":"Member Login - Recetame.com","robots":{"index":"index","follow":"follow","max-snippet":"max-snippet:-1","max-image-preview":"max-image-preview:large","max-video-preview":"max-video-preview:-1"},"canonical":"https:\/\/recetame.com\/index.php\/membership-login\/","og_locale":"es_MX","og_type":"article","og_title":"Member Login","og_url":"https:\/\/recetame.com\/index.php\/membership-login\/","og_site_name":"Recetame.com","article_publisher":"https:\/\/www.facebook.com\/recetamecom","article_modified_time":"2024-05-16T20:04:27+00:00","twitter_card":"summary_large_image","schema":{"@context":"https:\/\/schema.org","@graph":[{"@type":"WebPage","@id":"https:\/\/recetame.com\/index.php\/membership-login\/","url":"https:\/\/recetame.com\/index.php\/membership-login\/","name":"Member Login - Recetame.com","isPartOf":{"@id":"https:\/\/recetame.com\/#website"},"datePublished":"2024-05-15T03:26:27+00:00","dateModified":"2024-05-16T20:04:27+00:00","breadcrumb":{"@id":"https:\/\/recetame.com\/index.php\/membership-login\/#breadcrumb"},"inLanguage":"es","potentialAction":[{"@type":"ReadAction","target":["https:\/\/recetame.com\/index.php\/membership-login\/"]}]},{"@type":"BreadcrumbList","@id":"https:\/\/recetame.com\/index.php\/membership-login\/#breadcrumb","itemListElement":[{"@type":"ListItem","position":1,"name":"Home","item":"https:\/\/recetame.com\/"},{"@type":"ListItem","position":2,"name":"Member Login"}]},{"@type":"WebSite","@id":"https:\/\/recetame.com\/#website","url":"https:\/\/recetame.com\/","name":"Recetame.com","description":"Recetame es una revista digital dedicada a las recetas mexicanas. En su sitio web, encontrar\u00e1s una variedad de platos aut\u00e9nticos y deliciosos que representan la rica tradici\u00f3n culinaria de M\u00e9xico. Desde tacos y tamales hasta guisos y postres, Recetame ofrece inspiraci\u00f3n para cocinar en casa y deleitar a tus seres queridos. Explora su colecci\u00f3n de recetas y descubre sabores vibrantes, ingredientes frescos y t\u00e9cnicas culinarias \u00fanicas. \u00a1Buen provecho!","publisher":{"@id":"https:\/\/recetame.com\/#organization"},"alternateName":"Recetame.com","potentialAction":[{"@type":"SearchAction","target":{"@type":"EntryPoint","urlTemplate":"https:\/\/recetame.com\/?s={search_term_string}"},"query-input":{"@type":"PropertyValueSpecification","valueRequired":true,"valueName":"search_term_string"}}],"inLanguage":"es"},{"@type":["Organization","Place","NewsMediaOrganization"],"@id":"https:\/\/recetame.com\/#organization","name":"Recetame.com","alternateName":"Recetame.com","url":"https:\/\/recetame.com\/","logo":{"@id":"https:\/\/recetame.com\/index.php\/membership-login\/#local-main-organization-logo"},"image":{"@id":"https:\/\/recetame.com\/index.php\/membership-login\/#local-main-organization-logo"},"sameAs":["https:\/\/www.facebook.com\/recetamecom"],"description":"Recetame.com is a recipes webpage to read very mucho recipes around the world","legalName":"Recetame.com","foundingDate":"2024-01-01","numberOfEmployees":{"@type":"QuantitativeValue","minValue":"1","maxValue":"10"},"publishingPrinciples":"https:\/\/recetame.com\/index.php\/about-us\/","ownershipFundingInfo":"https:\/\/recetame.com\/index.php\/terms-and-conditions\/","actionableFeedbackPolicy":"https:\/\/recetame.com\/index.php\/terms-and-conditions\/","correctionsPolicy":"https:\/\/recetame.com\/index.php\/terms-and-conditions\/","ethicsPolicy":"https:\/\/recetame.com\/index.php\/terms-and-conditions\/","diversityPolicy":"https:\/\/recetame.com\/index.php\/terms-and-conditions\/","diversityStaffingReport":"https:\/\/recetame.com\/index.php\/terms-and-conditions\/","address":{"@id":"https:\/\/recetame.com\/index.php\/membership-login\/#local-main-place-address"},"telephone":[],"openingHoursSpecification":[]},{"@type":"PostalAddress","@id":"https:\/\/recetame.com\/index.php\/membership-login\/#local-main-place-address","streetAddress":"M\u00e9xico","addressLocality":"Los Mochis","postalCode":"81200","addressCountry":"MX"},{"@type":"ImageObject","inLanguage":"es","@id":"https:\/\/recetame.com\/index.php\/membership-login\/#local-main-organization-logo","url":"https:\/\/i0.wp.com\/recetame.com\/wp-content\/uploads\/2024\/05\/logo-f.webp?fit=492%2C200&ssl=1&wsr","contentUrl":"https:\/\/i0.wp.com\/recetame.com\/wp-content\/uploads\/2024\/05\/logo-f.webp?fit=492%2C200&ssl=1&wsr","width":492,"height":200,"caption":"Recetame.com"}]},"geo.placename":"Los Mochis","geo.region":"M\u00e9xico"},"lang":"en","translations":{"en":574,"es":707},"tpgb_featured_images":null,"tpgb_post_meta_info":{"get_date":"mayo 15, 2024","get_modified_date":"mayo 16, 2024","author_name":"admin","author_url":"https:\/\/recetame.com\/index.php\/author\/super_admin\/","author_email":"admin@recetame.com","author_website":"https:\/\/recetame.com\/recetame.com","author_description":"","author_facebook":"","author_twitter":"","author_instagram":"","author_role":["administrator"],"author_firstname":"","author_lastname":"","user_login":"super_admin","author_avatar":"<img alt='' src='https:\/\/secure.gravatar.com\/avatar\/df1eaef4a70e267a5eaa8c4b8130b087a10fbbc84e42814dedf9624fca363e3c?s=200&#038;d=mm&#038;r=g' srcset='https:\/\/secure.gravatar.com\/avatar\/df1eaef4a70e267a5eaa8c4b8130b087a10fbbc84e42814dedf9624fca363e3c?s=400&#038;d=mm&#038;r=g 2x' class='avatar avatar-200 photo' height='200' width='200' decoding='async'\/>","author_avatar_url":"https:\/\/secure.gravatar.com\/avatar\/df1eaef4a70e267a5eaa8c4b8130b087a10fbbc84e42814dedf9624fca363e3c?s=96&d=mm&r=g","comment_count":0,"post_likes":0,"post_views":0},"tpgb_post_category":[],"jetpack_likes_enabled":true,"jetpack_sharing_enabled":true,"jetpack-related-posts":[],"amp_enabled":true,"pll_sync_post":[],"_links":{"self":[{"href":"https:\/\/recetame.com\/index.php\/wp-json\/wp\/v2\/pages\/574","targetHints":{"allow":["GET"]}}],"collection":[{"href":"https:\/\/recetame.com\/index.php\/wp-json\/wp\/v2\/pages"}],"about":[{"href":"https:\/\/recetame.com\/index.php\/wp-json\/wp\/v2\/types\/page"}],"author":[{"embeddable":true,"href":"https:\/\/recetame.com\/index.php\/wp-json\/wp\/v2\/users\/1"}],"replies":[{"embeddable":true,"href":"https:\/\/recetame.com\/index.php\/wp-json\/wp\/v2\/comments?post=574"}],"version-history":[{"count":1,"href":"https:\/\/recetame.com\/index.php\/wp-json\/wp\/v2\/pages\/574\/revisions"}],"predecessor-version":[{"id":709,"href":"https:\/\/recetame.com\/index.php\/wp-json\/wp\/v2\/pages\/574\/revisions\/709"}],"wp:attachment":[{"href":"https:\/\/recetame.com\/index.php\/wp-json\/wp\/v2\/media?parent=574"}],"curies":[{"name":"wp","href":"https:\/\/api.w.org\/{rel}","templated":true}]}}