{"id":573,"date":"2024-05-15T03:26:27","date_gmt":"2024-05-15T03:26:27","guid":{"rendered":"https:\/\/recetame.com\/index.php\/membership-join\/membership-registration\/"},"modified":"2024-05-16T20:07:00","modified_gmt":"2024-05-16T20:07:00","slug":"membership-registration","status":"publish","type":"page","link":"https:\/\/recetame.com\/index.php\/membership-join\/membership-registration\/","title":{"rendered":"Register"},"content":{"rendered":"<div class=\"swpm-registration-widget-form\">\n    <form id=\"swpm-registration-form\" class=\"swpm-form\" name=\"swpm-registration-form\" method=\"post\" action=\"\">\n        <input type=\"hidden\" name=\"level_identifier\" value=\"c81e728d9d4c2f636f067f89cc14862c\" \/>\n        <div class=\"swpm-registration-form-section\">\n            <div class=\"swpm-form-row swpm-username-row\" >\n                <div class=\"swpm-form-label-wrap swpm-form-username-label-wrap\">\n                    <label for=\"user_name\">Nombre de usuario<\/label>\n                <\/div>\n                <div class=\"swpm-form-input-wrap swpm-form-username-input-wrap\">\n                    <input type=\"text\" id=\"user_name\" autocomplete=\"new-username\" class=\"swpm-form-field swpm-form-username\" value=\"\" name=\"user_name\"  \/>\n                <\/div>\n                <div class=\"swpm-form-desc\"><\/div>\n            <\/div>\n            <div class=\"swpm-form-row swpm-email-row\">\n                <div class=\"swpm-form-label-wrap swpm-form-email-label-wrap\">\n                    <label for=\"email\">Correo electr\u00f3nico<\/label>\n                <\/div>\n                <div class=\"swpm-form-input-wrap swpm-form-email-input-wrap\">\n                    <input type=\"text\" autocomplete=\"off\" id=\"email\" class=\"swpm-form-field swpm-form-email\" value=\"\" name=\"email\" \/>\n                <\/div>\n                <div class=\"swpm-form-desc\"><\/div>\n            <\/div>\n            <div class=\"swpm-form-row swpm-password-row\">\n                <div class=\"swpm-form-label-wrap swpm-form-password-label-wrap\">\n                    <label for=\"password\">Contrase\u00f1a<\/label>\n                <\/div>\n                <div class=\"swpm-form-input-wrap swpm-form-password-input-wrap\">\n                    <input type=\"password\" autocomplete=\"new-password\" id=\"password\" class=\"swpm-form-field swpm-form-password\" value=\"\" name=\"password\" \/>\n                <\/div>\n                <div class=\"swpm-form-desc\"><\/div>\n            <\/div>\n            <div class=\"swpm-form-row swpm-repass-row\">\n                <div class=\"swpm-form-label-wrap swpm-form-repass-label-wrap\">\n                    <label for=\"password_re\">Repita la contrase\u00f1a<\/label>\n                <\/div>\n                <div class=\"swpm-form-input-wrap swpm-form-repass-input-wrap\">\n                    <input type=\"password\" autocomplete=\"new-password\" id=\"password_re\" class=\"swpm-form-field swpm-form-repass\" value=\"\" name=\"password_re\" \/>\n                <\/div>\n                <div class=\"swpm-form-desc\"><\/div>\n            <\/div>\n            <div class=\"swpm-form-row swpm-firstname-row\" >\n                <div class=\"swpm-form-label-wrap swpm-form-firstname-label-wrap\">\n                    <label for=\"first_name\">Primer nombre<\/label>\n                <\/div>\n                <div class=\"swpm-form-input-wrap swpm-form-firstname-input-wrap\">\n                    <input type=\"text\" id=\"first_name\" class=\"swpm-form-field swpm-form-firstname\" value=\"\" name=\"first_name\" \/>\n                <\/div>\n                <div class=\"swpm-form-desc\"><\/div>\n            <\/div>\n            <div class=\"swpm-form-row swpm-lastname-row\" >\n                <div class=\"swpm-form-label-wrap swpm-form-lastname-label-wrap\">\n                    <label for=\"last_name\">Apellido<\/label>\n                <\/div>\n                <div class=\"swpm-form-input-wrap swpm-form-lastname-input-wrap\">\n                    <input type=\"text\" id=\"last_name\" class=\"swpm-form-field swpm-form-lastname\" value=\"\" name=\"last_name\" \/>\n                <\/div>\n                <div class=\"swpm-form-desc\"><\/div>\n            <\/div>\n            <div\n                class=\"swpm-form-row swpm-membership-level-row\"\n                                style=\"\"\n            >\n                <div class=\"swpm-form-label-wrap swpm-form-membership-level-label-wrap\">\n                    <label for=\"membership_level\">Nivel de membres\u00eda<\/label>\n                <\/div>\n                <div class=\"swpm-form-membership-level-value\">\n                    Free<input type=\"hidden\" value=\"2\" size=\"50\" name=\"swpm_membership_level\" id=\"membership_level\" \/><input type=\"hidden\" name=\"swpm_level_hash\" value=\"e9007dd5ba1a4525ad0b7f4653e88e36\" \/>                <\/div>\n            <\/div>\n                            <div class=\"swpm-form-row swpm-terms-row\">\n                    <div>\n                        <label><input type=\"checkbox\" id=\"swpm-accept-terms\" name=\"accept_terms\" class=\"swpm-form-field swpm-form-terms\" value=\"1\"> acepto el  <a href=\"https:\/\/recetame.com\/index.php\/terms-and-conditions\/\" target=\"_blank\">Terms and Conditions<\/a><\/label>\n                    <\/div>\n                    <div class=\"swpm-form-desc\"><\/div>\n                <\/div>\n                            <div class=\"swpm-form-row swpm-pp-row\">\n                    <div>\n                        <label><input type=\"checkbox\" id=\"swpm-accept-pp\" name=\"accept_pp\" class=\"swpm-form-field swpm-form-pp\" value=\"1\"> Estoy de acuerdo con la  <a href=\"https:\/\/recetame.com\/index.php\/privacy-policy\/\" target=\"_blank\">Pol\u00edtica de privacidad<\/a><\/label>\n                    <\/div>\n                    <div class=\"swpm-form-desc\"><\/div>\n                <\/div>\n            \n                        <div class=\"swpm-before-registration-submit-section\" align=\"center\"><div class=\"swpm-recaptcha-section\" style=\"margin-bottom: 15px;\"><style type=\"text\/css\">@media screen and (max-width: 375px) {\n            .swpm_g_captcha{transform:scale(0.77);transform-origin:0;-webkit-transform:scale(0.77);-webkit-transform-origin:0 0;}\n        }<\/style><script data-jetpack-boost=\"ignore\" src=\"https:\/\/www.google.com\/recaptcha\/api.js\" async defer><\/script><div class=\"swpm_g_captcha\"><div class=\"g-recaptcha\" data-sitekey=\"6LdFnt8pAAAAADfw168z8AwPOhz68EWJtp5VqAnK\" data-theme=\"light\" data-size=\"normal\"><\/div><\/div><\/div><\/div>\n\n            <div class=\"swpm-form-row swpm-submit-section swpm-registration-submit-section\">\n                <button type=\"submit\" class=\"swpm-submit swpm-registration-submit-button swpm-submit-btn-default-style\">Registro<\/button>\n                <input type=\"hidden\" name=\"swpm_registration_submit\" value=\"Register\">\n            <\/div>\n        <\/div>\n\n        <input type=\"hidden\" name=\"action\" value=\"custom_posts\" \/>\n    <\/form>\n\n    <style>\n        .swpm-registration-submit-section{\n            text-align: center;\n        }\n        .swpm-form .swpm-form-row {\n            margin-bottom: 0.8rem;\n        }\n\n        .swpm-form .swpm-submit-section {\n            margin-top: 1rem;\n        }\n\n        .swpm-form .swpm-form-row.error .swpm-form-field {\n            border-color: #cc0000 !important;\n            outline-color: #cc0000 !important;\n        }\n\n        .swpm-form .swpm-form-row.error .swpm-form-desc {\n            color: #cc0000 !important;\n            font-size: smaller !important;\n        }\n\n        .swpm-form .swpm-form-row.error .swpm-form-desc>ul {\n            list-style: none !important;\n            padding: 0 !important;\n            margin: 4px 0 0 !important;\n        }\n    <\/style>\n<\/div>\n\n    <div class=\"xs_social_share_widget xs_share_url after_content \t\tmain_content  wslu-style-1 wslu-share-box-shaped wslu-fill-colored wslu-none wslu-share-horizontal wslu-theme-font-no wslu-main_content\">\n\n\t\t\n        <ul>\n\t\t\t        <\/ul>\n    <\/div> \n","protected":false},"excerpt":{"rendered":"","protected":false},"author":1,"featured_media":0,"parent":572,"menu_order":0,"comment_status":"closed","ping_status":"closed","template":"","meta":{"tpgb_global_settings":"","_eb_attr":"","_monsterinsights_skip_tracking":false,"_monsterinsights_sitenote_active":false,"_monsterinsights_sitenote_note":"","_monsterinsights_sitenote_category":0,"jetpack_post_was_ever_published":false,"footnotes":""},"class_list":["post-573","page","type-page","status-publish"],"yoast_head":"<!-- This site is optimized with the Yoast SEO Premium plugin v24.1 (Yoast SEO v26.1.1) - https:\/\/yoast.com\/wordpress\/plugins\/seo\/ -->\n<title>Register - Recetame.com<\/title>\n<meta name=\"robots\" content=\"index, follow, max-snippet:-1, max-image-preview:large, max-video-preview:-1\" \/>\n<link rel=\"canonical\" href=\"https:\/\/recetame.com\/index.php\/membership-join\/membership-registration\/\" \/>\n<meta property=\"og:locale\" content=\"es_MX\" \/>\n<meta property=\"og:type\" content=\"article\" \/>\n<meta property=\"og:title\" content=\"Register\" \/>\n<meta property=\"og:url\" content=\"https:\/\/recetame.com\/index.php\/membership-join\/membership-registration\/\" \/>\n<meta property=\"og:site_name\" content=\"Recetame.com\" \/>\n<meta property=\"article:publisher\" content=\"https:\/\/www.facebook.com\/recetamecom\" \/>\n<meta property=\"article:modified_time\" content=\"2024-05-16T20:07:00+00:00\" \/>\n<meta name=\"twitter:card\" content=\"summary_large_image\" \/>\n<script type=\"application\/ld+json\" class=\"yoast-schema-graph\">{\"@context\":\"https:\/\/schema.org\",\"@graph\":[{\"@type\":\"WebPage\",\"@id\":\"https:\/\/recetame.com\/index.php\/membership-join\/membership-registration\/\",\"url\":\"https:\/\/recetame.com\/index.php\/membership-join\/membership-registration\/\",\"name\":\"Register - Recetame.com\",\"isPartOf\":{\"@id\":\"https:\/\/recetame.com\/#website\"},\"datePublished\":\"2024-05-15T03:26:27+00:00\",\"dateModified\":\"2024-05-16T20:07:00+00:00\",\"breadcrumb\":{\"@id\":\"https:\/\/recetame.com\/index.php\/membership-join\/membership-registration\/#breadcrumb\"},\"inLanguage\":\"es\",\"potentialAction\":[{\"@type\":\"ReadAction\",\"target\":[\"https:\/\/recetame.com\/index.php\/membership-join\/membership-registration\/\"]}]},{\"@type\":\"BreadcrumbList\",\"@id\":\"https:\/\/recetame.com\/index.php\/membership-join\/membership-registration\/#breadcrumb\",\"itemListElement\":[{\"@type\":\"ListItem\",\"position\":1,\"name\":\"Home\",\"item\":\"https:\/\/recetame.com\/\"},{\"@type\":\"ListItem\",\"position\":2,\"name\":\"Join Us\",\"item\":\"https:\/\/recetame.com\/index.php\/membership-join\/\"},{\"@type\":\"ListItem\",\"position\":3,\"name\":\"Register\"}]},{\"@type\":\"WebSite\",\"@id\":\"https:\/\/recetame.com\/#website\",\"url\":\"https:\/\/recetame.com\/\",\"name\":\"Recetame.com\",\"description\":\"Recetame es una revista digital dedicada a las recetas mexicanas. En su sitio web, encontrar\u00e1s una variedad de platos aut\u00e9nticos y deliciosos que representan la rica tradici\u00f3n culinaria de M\u00e9xico. Desde tacos y tamales hasta guisos y postres, Recetame ofrece inspiraci\u00f3n para cocinar en casa y deleitar a tus seres queridos. Explora su colecci\u00f3n de recetas y descubre sabores vibrantes, ingredientes frescos y t\u00e9cnicas culinarias \u00fanicas. \u00a1Buen provecho!\",\"publisher\":{\"@id\":\"https:\/\/recetame.com\/#organization\"},\"alternateName\":\"Recetame.com\",\"potentialAction\":[{\"@type\":\"SearchAction\",\"target\":{\"@type\":\"EntryPoint\",\"urlTemplate\":\"https:\/\/recetame.com\/?s={search_term_string}\"},\"query-input\":{\"@type\":\"PropertyValueSpecification\",\"valueRequired\":true,\"valueName\":\"search_term_string\"}}],\"inLanguage\":\"es\"},{\"@type\":[\"Organization\",\"Place\",\"NewsMediaOrganization\"],\"@id\":\"https:\/\/recetame.com\/#organization\",\"name\":\"Recetame.com\",\"alternateName\":\"Recetame.com\",\"url\":\"https:\/\/recetame.com\/\",\"logo\":{\"@id\":\"https:\/\/recetame.com\/index.php\/membership-join\/membership-registration\/#local-main-organization-logo\"},\"image\":{\"@id\":\"https:\/\/recetame.com\/index.php\/membership-join\/membership-registration\/#local-main-organization-logo\"},\"sameAs\":[\"https:\/\/www.facebook.com\/recetamecom\"],\"description\":\"Recetame.com is a recipes webpage to read very mucho recipes around the world\",\"legalName\":\"Recetame.com\",\"foundingDate\":\"2024-01-01\",\"numberOfEmployees\":{\"@type\":\"QuantitativeValue\",\"minValue\":\"1\",\"maxValue\":\"10\"},\"publishingPrinciples\":\"https:\/\/recetame.com\/index.php\/about-us\/\",\"ownershipFundingInfo\":\"https:\/\/recetame.com\/index.php\/terms-and-conditions\/\",\"actionableFeedbackPolicy\":\"https:\/\/recetame.com\/index.php\/terms-and-conditions\/\",\"correctionsPolicy\":\"https:\/\/recetame.com\/index.php\/terms-and-conditions\/\",\"ethicsPolicy\":\"https:\/\/recetame.com\/index.php\/terms-and-conditions\/\",\"diversityPolicy\":\"https:\/\/recetame.com\/index.php\/terms-and-conditions\/\",\"diversityStaffingReport\":\"https:\/\/recetame.com\/index.php\/terms-and-conditions\/\",\"address\":{\"@id\":\"https:\/\/recetame.com\/index.php\/membership-join\/membership-registration\/#local-main-place-address\"},\"telephone\":[],\"openingHoursSpecification\":[]},{\"@type\":\"PostalAddress\",\"@id\":\"https:\/\/recetame.com\/index.php\/membership-join\/membership-registration\/#local-main-place-address\",\"streetAddress\":\"M\u00e9xico\",\"addressLocality\":\"Los Mochis\",\"postalCode\":\"81200\",\"addressCountry\":\"MX\"},{\"@type\":\"ImageObject\",\"inLanguage\":\"es\",\"@id\":\"https:\/\/recetame.com\/index.php\/membership-join\/membership-registration\/#local-main-organization-logo\",\"url\":\"https:\/\/i0.wp.com\/recetame.com\/wp-content\/uploads\/2024\/05\/logo-f.webp?fit=492%2C200&ssl=1&wsr\",\"contentUrl\":\"https:\/\/i0.wp.com\/recetame.com\/wp-content\/uploads\/2024\/05\/logo-f.webp?fit=492%2C200&ssl=1&wsr\",\"width\":492,\"height\":200,\"caption\":\"Recetame.com\"}]}<\/script>\n<meta name=\"geo.placename\" content=\"Los Mochis\" \/>\n<meta name=\"geo.region\" content=\"M\u00e9xico\" \/>\n<!-- \/ Yoast SEO Premium plugin. -->","yoast_head_json":{"title":"Register - Recetame.com","robots":{"index":"index","follow":"follow","max-snippet":"max-snippet:-1","max-image-preview":"max-image-preview:large","max-video-preview":"max-video-preview:-1"},"canonical":"https:\/\/recetame.com\/index.php\/membership-join\/membership-registration\/","og_locale":"es_MX","og_type":"article","og_title":"Register","og_url":"https:\/\/recetame.com\/index.php\/membership-join\/membership-registration\/","og_site_name":"Recetame.com","article_publisher":"https:\/\/www.facebook.com\/recetamecom","article_modified_time":"2024-05-16T20:07:00+00:00","twitter_card":"summary_large_image","schema":{"@context":"https:\/\/schema.org","@graph":[{"@type":"WebPage","@id":"https:\/\/recetame.com\/index.php\/membership-join\/membership-registration\/","url":"https:\/\/recetame.com\/index.php\/membership-join\/membership-registration\/","name":"Register - Recetame.com","isPartOf":{"@id":"https:\/\/recetame.com\/#website"},"datePublished":"2024-05-15T03:26:27+00:00","dateModified":"2024-05-16T20:07:00+00:00","breadcrumb":{"@id":"https:\/\/recetame.com\/index.php\/membership-join\/membership-registration\/#breadcrumb"},"inLanguage":"es","potentialAction":[{"@type":"ReadAction","target":["https:\/\/recetame.com\/index.php\/membership-join\/membership-registration\/"]}]},{"@type":"BreadcrumbList","@id":"https:\/\/recetame.com\/index.php\/membership-join\/membership-registration\/#breadcrumb","itemListElement":[{"@type":"ListItem","position":1,"name":"Home","item":"https:\/\/recetame.com\/"},{"@type":"ListItem","position":2,"name":"Join Us","item":"https:\/\/recetame.com\/index.php\/membership-join\/"},{"@type":"ListItem","position":3,"name":"Register"}]},{"@type":"WebSite","@id":"https:\/\/recetame.com\/#website","url":"https:\/\/recetame.com\/","name":"Recetame.com","description":"Recetame es una revista digital dedicada a las recetas mexicanas. En su sitio web, encontrar\u00e1s una variedad de platos aut\u00e9nticos y deliciosos que representan la rica tradici\u00f3n culinaria de M\u00e9xico. Desde tacos y tamales hasta guisos y postres, Recetame ofrece inspiraci\u00f3n para cocinar en casa y deleitar a tus seres queridos. Explora su colecci\u00f3n de recetas y descubre sabores vibrantes, ingredientes frescos y t\u00e9cnicas culinarias \u00fanicas. \u00a1Buen provecho!","publisher":{"@id":"https:\/\/recetame.com\/#organization"},"alternateName":"Recetame.com","potentialAction":[{"@type":"SearchAction","target":{"@type":"EntryPoint","urlTemplate":"https:\/\/recetame.com\/?s={search_term_string}"},"query-input":{"@type":"PropertyValueSpecification","valueRequired":true,"valueName":"search_term_string"}}],"inLanguage":"es"},{"@type":["Organization","Place","NewsMediaOrganization"],"@id":"https:\/\/recetame.com\/#organization","name":"Recetame.com","alternateName":"Recetame.com","url":"https:\/\/recetame.com\/","logo":{"@id":"https:\/\/recetame.com\/index.php\/membership-join\/membership-registration\/#local-main-organization-logo"},"image":{"@id":"https:\/\/recetame.com\/index.php\/membership-join\/membership-registration\/#local-main-organization-logo"},"sameAs":["https:\/\/www.facebook.com\/recetamecom"],"description":"Recetame.com is a recipes webpage to read very mucho recipes around the world","legalName":"Recetame.com","foundingDate":"2024-01-01","numberOfEmployees":{"@type":"QuantitativeValue","minValue":"1","maxValue":"10"},"publishingPrinciples":"https:\/\/recetame.com\/index.php\/about-us\/","ownershipFundingInfo":"https:\/\/recetame.com\/index.php\/terms-and-conditions\/","actionableFeedbackPolicy":"https:\/\/recetame.com\/index.php\/terms-and-conditions\/","correctionsPolicy":"https:\/\/recetame.com\/index.php\/terms-and-conditions\/","ethicsPolicy":"https:\/\/recetame.com\/index.php\/terms-and-conditions\/","diversityPolicy":"https:\/\/recetame.com\/index.php\/terms-and-conditions\/","diversityStaffingReport":"https:\/\/recetame.com\/index.php\/terms-and-conditions\/","address":{"@id":"https:\/\/recetame.com\/index.php\/membership-join\/membership-registration\/#local-main-place-address"},"telephone":[],"openingHoursSpecification":[]},{"@type":"PostalAddress","@id":"https:\/\/recetame.com\/index.php\/membership-join\/membership-registration\/#local-main-place-address","streetAddress":"M\u00e9xico","addressLocality":"Los Mochis","postalCode":"81200","addressCountry":"MX"},{"@type":"ImageObject","inLanguage":"es","@id":"https:\/\/recetame.com\/index.php\/membership-join\/membership-registration\/#local-main-organization-logo","url":"https:\/\/i0.wp.com\/recetame.com\/wp-content\/uploads\/2024\/05\/logo-f.webp?fit=492%2C200&ssl=1&wsr","contentUrl":"https:\/\/i0.wp.com\/recetame.com\/wp-content\/uploads\/2024\/05\/logo-f.webp?fit=492%2C200&ssl=1&wsr","width":492,"height":200,"caption":"Recetame.com"}]},"geo.placename":"Los Mochis","geo.region":"M\u00e9xico"},"lang":"en","translations":{"en":573,"es":717},"tpgb_featured_images":null,"tpgb_post_meta_info":{"get_date":"mayo 15, 2024","get_modified_date":"mayo 16, 2024","author_name":"admin","author_url":"https:\/\/recetame.com\/index.php\/author\/super_admin\/","author_email":"admin@recetame.com","author_website":"https:\/\/recetame.com\/recetame.com","author_description":"","author_facebook":"","author_twitter":"","author_instagram":"","author_role":["administrator"],"author_firstname":"","author_lastname":"","user_login":"super_admin","author_avatar":"<img alt='' src='https:\/\/secure.gravatar.com\/avatar\/df1eaef4a70e267a5eaa8c4b8130b087a10fbbc84e42814dedf9624fca363e3c?s=200&#038;d=mm&#038;r=g' srcset='https:\/\/secure.gravatar.com\/avatar\/df1eaef4a70e267a5eaa8c4b8130b087a10fbbc84e42814dedf9624fca363e3c?s=400&#038;d=mm&#038;r=g 2x' class='avatar avatar-200 photo' height='200' width='200' decoding='async'\/>","author_avatar_url":"https:\/\/secure.gravatar.com\/avatar\/df1eaef4a70e267a5eaa8c4b8130b087a10fbbc84e42814dedf9624fca363e3c?s=96&d=mm&r=g","comment_count":0,"post_likes":0,"post_views":0},"tpgb_post_category":[],"jetpack_likes_enabled":true,"jetpack_sharing_enabled":true,"jetpack-related-posts":[],"amp_enabled":true,"pll_sync_post":[],"_links":{"self":[{"href":"https:\/\/recetame.com\/index.php\/wp-json\/wp\/v2\/pages\/573","targetHints":{"allow":["GET"]}}],"collection":[{"href":"https:\/\/recetame.com\/index.php\/wp-json\/wp\/v2\/pages"}],"about":[{"href":"https:\/\/recetame.com\/index.php\/wp-json\/wp\/v2\/types\/page"}],"author":[{"embeddable":true,"href":"https:\/\/recetame.com\/index.php\/wp-json\/wp\/v2\/users\/1"}],"replies":[{"embeddable":true,"href":"https:\/\/recetame.com\/index.php\/wp-json\/wp\/v2\/comments?post=573"}],"version-history":[{"count":1,"href":"https:\/\/recetame.com\/index.php\/wp-json\/wp\/v2\/pages\/573\/revisions"}],"predecessor-version":[{"id":711,"href":"https:\/\/recetame.com\/index.php\/wp-json\/wp\/v2\/pages\/573\/revisions\/711"}],"up":[{"embeddable":true,"href":"https:\/\/recetame.com\/index.php\/wp-json\/wp\/v2\/pages\/572"}],"wp:attachment":[{"href":"https:\/\/recetame.com\/index.php\/wp-json\/wp\/v2\/media?parent=573"}],"curies":[{"name":"wp","href":"https:\/\/api.w.org\/{rel}","templated":true}]}}