{"id":38,"date":"2019-11-24T01:08:10","date_gmt":"2019-11-24T01:08:10","guid":{"rendered":"http:\/\/export.themeruby.com\/tf01\/food\/?page_id=38"},"modified":"2024-05-12T23:35:46","modified_gmt":"2024-05-12T23:35:46","slug":"contact","status":"publish","type":"page","link":"https:\/\/recetame.com\/index.php\/contact\/","title":{"rendered":"Contact"},"content":{"rendered":"\n<h1>Contact US<\/h1>\n\n\n\n<div style=\"height:20px\" aria-hidden=\"true\" class=\"wp-block-spacer\"><\/div>\n\n\n\n<p>We want to provide you with a great experience which is why we want to hear from you. Your feedback helps us bring you more of the events you love and the service you expect.<\/p>\n\n\n\n<hr class=\"wp-block-separator is-style-default\" \/>\n\n\n\n<div class=\"wpcf7 no-js\" id=\"wpcf7-f367-o1\" lang=\"en-US\" dir=\"ltr\" data-wpcf7-id=\"367\">\n<div class=\"screen-reader-response\"><p role=\"status\" aria-live=\"polite\" aria-atomic=\"true\"><\/p> <ul><\/ul><\/div>\n<form action=\"\/index.php\/wp-json\/wp\/v2\/pages\/38#wpcf7-f367-o1\" method=\"post\" class=\"wpcf7-form init\" aria-label=\"Contact form\" novalidate=\"novalidate\" data-status=\"init\">\n<fieldset class=\"hidden-fields-container\"><input type=\"hidden\" name=\"_wpcf7\" value=\"367\" \/><input type=\"hidden\" name=\"_wpcf7_version\" value=\"6.1.2\" \/><input type=\"hidden\" name=\"_wpcf7_locale\" value=\"en_US\" \/><input type=\"hidden\" name=\"_wpcf7_unit_tag\" value=\"wpcf7-f367-o1\" \/><input type=\"hidden\" name=\"_wpcf7_container_post\" value=\"0\" \/><input type=\"hidden\" name=\"_wpcf7_posted_data_hash\" value=\"\" \/><input type=\"hidden\" name=\"_wpcf7_recaptcha_response\" value=\"\" \/>\n<\/fieldset>\n<p><label> Your name<br \/>\n<span class=\"wpcf7-form-control-wrap\" data-name=\"your-name\"><input size=\"40\" maxlength=\"400\" class=\"wpcf7-form-control wpcf7-text wpcf7-validates-as-required\" aria-required=\"true\" aria-invalid=\"false\" value=\"\" type=\"text\" name=\"your-name\" \/><\/span> <\/label>\n<\/p>\n<p><label> Your Email<br \/>\n<span class=\"wpcf7-form-control-wrap\" data-name=\"your-email\"><input size=\"40\" maxlength=\"400\" class=\"wpcf7-form-control wpcf7-email wpcf7-validates-as-required wpcf7-text wpcf7-validates-as-email\" aria-required=\"true\" aria-invalid=\"false\" value=\"\" type=\"email\" name=\"your-email\" \/><\/span> <\/label>\n<\/p>\n<p><label> Your subject<br \/>\n<span class=\"wpcf7-form-control-wrap\" data-name=\"your-subject\"><input size=\"40\" maxlength=\"400\" class=\"wpcf7-form-control wpcf7-text\" aria-invalid=\"false\" value=\"\" type=\"text\" name=\"your-subject\" \/><\/span> <\/label>\n<\/p>\n<p><label> Enter your message<br \/>\n<span class=\"wpcf7-form-control-wrap\" data-name=\"your-message\"><textarea cols=\"40\" rows=\"10\" maxlength=\"2000\" class=\"wpcf7-form-control wpcf7-textarea\" aria-invalid=\"false\" name=\"your-message\"><\/textarea><\/span> <\/label>\n<\/p>\n<p><input class=\"wpcf7-form-control wpcf7-submit has-spinner\" type=\"submit\" value=\"Send Message\" \/>\n<\/p><p style=\"display: none !important;\" class=\"akismet-fields-container\" data-prefix=\"_wpcf7_ak_\"><label>&#916;<textarea name=\"_wpcf7_ak_hp_textarea\" cols=\"45\" rows=\"8\" maxlength=\"100\"><\/textarea><\/label><input type=\"hidden\" id=\"ak_js_1\" name=\"_wpcf7_ak_js\" value=\"231\"\/><script data-jetpack-boost=\"ignore\">document.getElementById( \"ak_js_1\" ).setAttribute( \"value\", ( new Date() ).getTime() );<\/script><\/p><div class=\"wpcf7-response-output\" aria-hidden=\"true\"><\/div>\n<\/form>\n<\/div>\n\n\n    <div class=\"xs_social_share_widget xs_share_url after_content \t\tmain_content  wslu-style-1 wslu-share-box-shaped wslu-fill-colored wslu-none wslu-share-horizontal wslu-theme-font-no wslu-main_content\">\n\n\t\t\n        <ul>\n\t\t\t        <\/ul>\n    <\/div> \n","protected":false},"excerpt":{"rendered":"<p>Contact US We want to provide you with a great experience which is why we want to hear from you. Your feedback helps us bring you more of the events you love and the service you expect.<\/p>\n","protected":false},"author":1,"featured_media":0,"parent":0,"menu_order":0,"comment_status":"closed","ping_status":"closed","template":"","meta":{"tpgb_global_settings":"","_eb_attr":"","_monsterinsights_skip_tracking":false,"_monsterinsights_sitenote_active":false,"_monsterinsights_sitenote_note":"","_monsterinsights_sitenote_category":0,"jetpack_post_was_ever_published":false,"footnotes":""},"class_list":["post-38","page","type-page","status-publish"],"yoast_head":"<!-- This site is optimized with the Yoast SEO Premium plugin v24.1 (Yoast SEO v26.1.1) - https:\/\/yoast.com\/wordpress\/plugins\/seo\/ -->\n<title>Contact - Recetame.com<\/title>\n<meta name=\"robots\" content=\"index, follow, max-snippet:-1, max-image-preview:large, max-video-preview:-1\" \/>\n<link rel=\"canonical\" href=\"https:\/\/recetame.com\/index.php\/contact\/\" \/>\n<meta property=\"og:locale\" content=\"es_MX\" \/>\n<meta property=\"og:type\" content=\"article\" \/>\n<meta property=\"og:title\" content=\"Contact\" \/>\n<meta property=\"og:description\" content=\"Contact US We want to provide you with a great experience which is why we want to hear from you. Your feedback helps us bring you more of the events you love and the service you expect.\" \/>\n<meta property=\"og:url\" content=\"https:\/\/recetame.com\/index.php\/contact\/\" \/>\n<meta property=\"og:site_name\" content=\"Recetame.com\" \/>\n<meta property=\"article:publisher\" content=\"https:\/\/www.facebook.com\/recetamecom\" \/>\n<meta property=\"article:modified_time\" content=\"2024-05-12T23:35:46+00:00\" \/>\n<meta name=\"twitter:card\" content=\"summary_large_image\" \/>\n<script type=\"application\/ld+json\" class=\"yoast-schema-graph\">{\"@context\":\"https:\/\/schema.org\",\"@graph\":[{\"@type\":\"WebPage\",\"@id\":\"https:\/\/recetame.com\/index.php\/contact\/\",\"url\":\"https:\/\/recetame.com\/index.php\/contact\/\",\"name\":\"Contact - Recetame.com\",\"isPartOf\":{\"@id\":\"https:\/\/recetame.com\/#website\"},\"datePublished\":\"2019-11-24T01:08:10+00:00\",\"dateModified\":\"2024-05-12T23:35:46+00:00\",\"breadcrumb\":{\"@id\":\"https:\/\/recetame.com\/index.php\/contact\/#breadcrumb\"},\"inLanguage\":\"es\",\"potentialAction\":[{\"@type\":\"ReadAction\",\"target\":[\"https:\/\/recetame.com\/index.php\/contact\/\"]}]},{\"@type\":\"BreadcrumbList\",\"@id\":\"https:\/\/recetame.com\/index.php\/contact\/#breadcrumb\",\"itemListElement\":[{\"@type\":\"ListItem\",\"position\":1,\"name\":\"Home\",\"item\":\"https:\/\/recetame.com\/\"},{\"@type\":\"ListItem\",\"position\":2,\"name\":\"Contact\"}]},{\"@type\":\"WebSite\",\"@id\":\"https:\/\/recetame.com\/#website\",\"url\":\"https:\/\/recetame.com\/\",\"name\":\"Recetame.com\",\"description\":\"Recetame es una revista digital dedicada a las recetas mexicanas. En su sitio web, encontrar\u00e1s una variedad de platos aut\u00e9nticos y deliciosos que representan la rica tradici\u00f3n culinaria de M\u00e9xico. Desde tacos y tamales hasta guisos y postres, Recetame ofrece inspiraci\u00f3n para cocinar en casa y deleitar a tus seres queridos. Explora su colecci\u00f3n de recetas y descubre sabores vibrantes, ingredientes frescos y t\u00e9cnicas culinarias \u00fanicas. \u00a1Buen provecho!\",\"publisher\":{\"@id\":\"https:\/\/recetame.com\/#organization\"},\"alternateName\":\"Recetame.com\",\"potentialAction\":[{\"@type\":\"SearchAction\",\"target\":{\"@type\":\"EntryPoint\",\"urlTemplate\":\"https:\/\/recetame.com\/?s={search_term_string}\"},\"query-input\":{\"@type\":\"PropertyValueSpecification\",\"valueRequired\":true,\"valueName\":\"search_term_string\"}}],\"inLanguage\":\"es\"},{\"@type\":[\"Organization\",\"Place\",\"NewsMediaOrganization\"],\"@id\":\"https:\/\/recetame.com\/#organization\",\"name\":\"Recetame.com\",\"alternateName\":\"Recetame.com\",\"url\":\"https:\/\/recetame.com\/\",\"logo\":{\"@id\":\"https:\/\/recetame.com\/index.php\/contact\/#local-main-organization-logo\"},\"image\":{\"@id\":\"https:\/\/recetame.com\/index.php\/contact\/#local-main-organization-logo\"},\"sameAs\":[\"https:\/\/www.facebook.com\/recetamecom\"],\"description\":\"Recetame.com is a recipes webpage to read very mucho recipes around the world\",\"legalName\":\"Recetame.com\",\"foundingDate\":\"2024-01-01\",\"numberOfEmployees\":{\"@type\":\"QuantitativeValue\",\"minValue\":\"1\",\"maxValue\":\"10\"},\"publishingPrinciples\":\"https:\/\/recetame.com\/index.php\/about-us\/\",\"ownershipFundingInfo\":\"https:\/\/recetame.com\/index.php\/terms-and-conditions\/\",\"actionableFeedbackPolicy\":\"https:\/\/recetame.com\/index.php\/terms-and-conditions\/\",\"correctionsPolicy\":\"https:\/\/recetame.com\/index.php\/terms-and-conditions\/\",\"ethicsPolicy\":\"https:\/\/recetame.com\/index.php\/terms-and-conditions\/\",\"diversityPolicy\":\"https:\/\/recetame.com\/index.php\/terms-and-conditions\/\",\"diversityStaffingReport\":\"https:\/\/recetame.com\/index.php\/terms-and-conditions\/\",\"address\":{\"@id\":\"https:\/\/recetame.com\/index.php\/contact\/#local-main-place-address\"},\"telephone\":[],\"openingHoursSpecification\":[]},{\"@type\":\"PostalAddress\",\"@id\":\"https:\/\/recetame.com\/index.php\/contact\/#local-main-place-address\",\"streetAddress\":\"M\u00e9xico\",\"addressLocality\":\"Los Mochis\",\"postalCode\":\"81200\",\"addressCountry\":\"MX\"},{\"@type\":\"ImageObject\",\"inLanguage\":\"es\",\"@id\":\"https:\/\/recetame.com\/index.php\/contact\/#local-main-organization-logo\",\"url\":\"https:\/\/i0.wp.com\/recetame.com\/wp-content\/uploads\/2024\/05\/logo-f.webp?fit=492%2C200&ssl=1&wsr\",\"contentUrl\":\"https:\/\/i0.wp.com\/recetame.com\/wp-content\/uploads\/2024\/05\/logo-f.webp?fit=492%2C200&ssl=1&wsr\",\"width\":492,\"height\":200,\"caption\":\"Recetame.com\"}]}<\/script>\n<meta name=\"geo.placename\" content=\"Los Mochis\" \/>\n<meta name=\"geo.region\" content=\"M\u00e9xico\" \/>\n<!-- \/ Yoast SEO Premium plugin. -->","yoast_head_json":{"title":"Contact - Recetame.com","robots":{"index":"index","follow":"follow","max-snippet":"max-snippet:-1","max-image-preview":"max-image-preview:large","max-video-preview":"max-video-preview:-1"},"canonical":"https:\/\/recetame.com\/index.php\/contact\/","og_locale":"es_MX","og_type":"article","og_title":"Contact","og_description":"Contact US We want to provide you with a great experience which is why we want to hear from you. Your feedback helps us bring you more of the events you love and the service you expect.","og_url":"https:\/\/recetame.com\/index.php\/contact\/","og_site_name":"Recetame.com","article_publisher":"https:\/\/www.facebook.com\/recetamecom","article_modified_time":"2024-05-12T23:35:46+00:00","twitter_card":"summary_large_image","schema":{"@context":"https:\/\/schema.org","@graph":[{"@type":"WebPage","@id":"https:\/\/recetame.com\/index.php\/contact\/","url":"https:\/\/recetame.com\/index.php\/contact\/","name":"Contact - Recetame.com","isPartOf":{"@id":"https:\/\/recetame.com\/#website"},"datePublished":"2019-11-24T01:08:10+00:00","dateModified":"2024-05-12T23:35:46+00:00","breadcrumb":{"@id":"https:\/\/recetame.com\/index.php\/contact\/#breadcrumb"},"inLanguage":"es","potentialAction":[{"@type":"ReadAction","target":["https:\/\/recetame.com\/index.php\/contact\/"]}]},{"@type":"BreadcrumbList","@id":"https:\/\/recetame.com\/index.php\/contact\/#breadcrumb","itemListElement":[{"@type":"ListItem","position":1,"name":"Home","item":"https:\/\/recetame.com\/"},{"@type":"ListItem","position":2,"name":"Contact"}]},{"@type":"WebSite","@id":"https:\/\/recetame.com\/#website","url":"https:\/\/recetame.com\/","name":"Recetame.com","description":"Recetame es una revista digital dedicada a las recetas mexicanas. En su sitio web, encontrar\u00e1s una variedad de platos aut\u00e9nticos y deliciosos que representan la rica tradici\u00f3n culinaria de M\u00e9xico. Desde tacos y tamales hasta guisos y postres, Recetame ofrece inspiraci\u00f3n para cocinar en casa y deleitar a tus seres queridos. Explora su colecci\u00f3n de recetas y descubre sabores vibrantes, ingredientes frescos y t\u00e9cnicas culinarias \u00fanicas. \u00a1Buen provecho!","publisher":{"@id":"https:\/\/recetame.com\/#organization"},"alternateName":"Recetame.com","potentialAction":[{"@type":"SearchAction","target":{"@type":"EntryPoint","urlTemplate":"https:\/\/recetame.com\/?s={search_term_string}"},"query-input":{"@type":"PropertyValueSpecification","valueRequired":true,"valueName":"search_term_string"}}],"inLanguage":"es"},{"@type":["Organization","Place","NewsMediaOrganization"],"@id":"https:\/\/recetame.com\/#organization","name":"Recetame.com","alternateName":"Recetame.com","url":"https:\/\/recetame.com\/","logo":{"@id":"https:\/\/recetame.com\/index.php\/contact\/#local-main-organization-logo"},"image":{"@id":"https:\/\/recetame.com\/index.php\/contact\/#local-main-organization-logo"},"sameAs":["https:\/\/www.facebook.com\/recetamecom"],"description":"Recetame.com is a recipes webpage to read very mucho recipes around the world","legalName":"Recetame.com","foundingDate":"2024-01-01","numberOfEmployees":{"@type":"QuantitativeValue","minValue":"1","maxValue":"10"},"publishingPrinciples":"https:\/\/recetame.com\/index.php\/about-us\/","ownershipFundingInfo":"https:\/\/recetame.com\/index.php\/terms-and-conditions\/","actionableFeedbackPolicy":"https:\/\/recetame.com\/index.php\/terms-and-conditions\/","correctionsPolicy":"https:\/\/recetame.com\/index.php\/terms-and-conditions\/","ethicsPolicy":"https:\/\/recetame.com\/index.php\/terms-and-conditions\/","diversityPolicy":"https:\/\/recetame.com\/index.php\/terms-and-conditions\/","diversityStaffingReport":"https:\/\/recetame.com\/index.php\/terms-and-conditions\/","address":{"@id":"https:\/\/recetame.com\/index.php\/contact\/#local-main-place-address"},"telephone":[],"openingHoursSpecification":[]},{"@type":"PostalAddress","@id":"https:\/\/recetame.com\/index.php\/contact\/#local-main-place-address","streetAddress":"M\u00e9xico","addressLocality":"Los Mochis","postalCode":"81200","addressCountry":"MX"},{"@type":"ImageObject","inLanguage":"es","@id":"https:\/\/recetame.com\/index.php\/contact\/#local-main-organization-logo","url":"https:\/\/i0.wp.com\/recetame.com\/wp-content\/uploads\/2024\/05\/logo-f.webp?fit=492%2C200&ssl=1&wsr","contentUrl":"https:\/\/i0.wp.com\/recetame.com\/wp-content\/uploads\/2024\/05\/logo-f.webp?fit=492%2C200&ssl=1&wsr","width":492,"height":200,"caption":"Recetame.com"}]},"geo.placename":"Los Mochis","geo.region":"M\u00e9xico"},"lang":"en","translations":{"en":38,"es":699},"tpgb_featured_images":null,"tpgb_post_meta_info":{"get_date":"noviembre 24, 2019","get_modified_date":"mayo 12, 2024","author_name":"admin","author_url":"https:\/\/recetame.com\/index.php\/author\/super_admin\/","author_email":"admin@recetame.com","author_website":"https:\/\/recetame.com\/recetame.com","author_description":"","author_facebook":"","author_twitter":"","author_instagram":"","author_role":["administrator"],"author_firstname":"","author_lastname":"","user_login":"super_admin","author_avatar":"<img alt='' src='https:\/\/secure.gravatar.com\/avatar\/df1eaef4a70e267a5eaa8c4b8130b087a10fbbc84e42814dedf9624fca363e3c?s=200&#038;d=mm&#038;r=g' srcset='https:\/\/secure.gravatar.com\/avatar\/df1eaef4a70e267a5eaa8c4b8130b087a10fbbc84e42814dedf9624fca363e3c?s=400&#038;d=mm&#038;r=g 2x' class='avatar avatar-200 photo' height='200' width='200' decoding='async'\/>","author_avatar_url":"https:\/\/secure.gravatar.com\/avatar\/df1eaef4a70e267a5eaa8c4b8130b087a10fbbc84e42814dedf9624fca363e3c?s=96&d=mm&r=g","comment_count":0,"post_likes":0,"post_views":0},"tpgb_post_category":[],"jetpack_likes_enabled":true,"jetpack_sharing_enabled":true,"jetpack-related-posts":[],"amp_enabled":true,"pll_sync_post":[],"_links":{"self":[{"href":"https:\/\/recetame.com\/index.php\/wp-json\/wp\/v2\/pages\/38","targetHints":{"allow":["GET"]}}],"collection":[{"href":"https:\/\/recetame.com\/index.php\/wp-json\/wp\/v2\/pages"}],"about":[{"href":"https:\/\/recetame.com\/index.php\/wp-json\/wp\/v2\/types\/page"}],"author":[{"embeddable":true,"href":"https:\/\/recetame.com\/index.php\/wp-json\/wp\/v2\/users\/1"}],"replies":[{"embeddable":true,"href":"https:\/\/recetame.com\/index.php\/wp-json\/wp\/v2\/comments?post=38"}],"version-history":[{"count":1,"href":"https:\/\/recetame.com\/index.php\/wp-json\/wp\/v2\/pages\/38\/revisions"}],"predecessor-version":[{"id":428,"href":"https:\/\/recetame.com\/index.php\/wp-json\/wp\/v2\/pages\/38\/revisions\/428"}],"wp:attachment":[{"href":"https:\/\/recetame.com\/index.php\/wp-json\/wp\/v2\/media?parent=38"}],"curies":[{"name":"wp","href":"https:\/\/api.w.org\/{rel}","templated":true}]}}